{"id":18,"date":"2015-12-01T19:49:10","date_gmt":"2015-12-01T18:49:10","guid":{"rendered":"http:\/\/www.accompagnementfga.ca\/universsocial\/?page_id=18"},"modified":"2022-03-12T15:26:57","modified_gmt":"2022-03-12T19:26:57","slug":"formations","status":"publish","type":"page","link":"https:\/\/www.accompagnementfga.ca\/universsocial\/formations\/","title":{"rendered":"Nouveau curriculum en Univers social"},"content":{"rendered":"<div class=\"wpb-content-wrapper\"><p>[vc_row row_type=\u00a0\u00bbrow\u00a0\u00bb use_row_as_full_screen_section=\u00a0\u00bbno\u00a0\u00bb type=\u00a0\u00bbfull_width\u00a0\u00bb text_align=\u00a0\u00bbleft\u00a0\u00bb css_animation=\u00a0\u00bb\u00a0\u00bb][vc_column][\/vc_column][\/vc_row][vc_row row_type=\u00a0\u00bbrow\u00a0\u00bb use_row_as_full_screen_section=\u00a0\u00bbno\u00a0\u00bb type=\u00a0\u00bbfull_width\u00a0\u00bb text_align=\u00a0\u00bbleft\u00a0\u00bb css_animation=\u00a0\u00bb\u00a0\u00bb][vc_column][vc_column_text]<\/p>\n<h5>Projet du nouveau curriculum en Univers social<\/h5>\n<p>&nbsp;<\/p>\n<p style=\"text-align: justify\">Le nouveau curriculum en Univers social de la formation de base diversifi\u00e9e suscite de nombreuses questions. Quels seront les programmes offerts? Quelle forme prendra l&rsquo;\u00e9valuation? Des \u00e9valuations seront-elles minist\u00e9rielles? Des prototypes seront-ils disponibles? Une plateforme Web sera-t-elle accessible? Le programme d&rsquo;\u00e9tudes provisoire Histoire du Qu\u00e9bec et du Canada de la formation g\u00e9n\u00e9rale des jeunes sera-t-il adapt\u00e9 pour la formation g\u00e9n\u00e9rale des adultes? Nous vous invitons \u00e0 venir d\u00e9couvrir le projet d&rsquo;offre de services en Univers social \u00e0 la formation g\u00e9n\u00e9rale des adultes et trouver r\u00e9ponse \u00e0 ces questions.<\/p>\n<p style=\"text-align: justify\">[\/vc_column_text][\/vc_column][\/vc_row][vc_row row_type=\u00a0\u00bbrow\u00a0\u00bb use_row_as_full_screen_section=\u00a0\u00bbno\u00a0\u00bb type=\u00a0\u00bbfull_width\u00a0\u00bb text_align=\u00a0\u00bbleft\u00a0\u00bb css_animation=\u00a0\u00bb\u00a0\u00bb][vc_column width=\u00a0\u00bb1\/6&Prime;][vc_empty_space height=\u00a0\u00bb20px\u00a0\u00bb]<div class='q_icon_with_title   center'><div class=\"icon_holder \" style=\" \"><div class=\"icon_holder_inner\"><span class=\"q_font_elegant_holder  \" style=\"font-size: 30px;\"><span class=\"icon_text_icon q_font_elegant_icon icon_document_alt\" aria-hidden=\"true\" style=\"font-size: 30px;\"><\/span><\/span><\/div><\/div><div class=\"icon_text_holder\" style=\"\"><div class=\"icon_text_inner\" style=\"\"><h4 class=\"icon_title\" style=\"\"><\/h4><p style=''><\/p><\/div><\/div><\/div>[vc_empty_space height=\u00a0\u00bb22px\u00a0\u00bb][vc_empty_space][vc_empty_space height=\u00a0\u00bb44px\u00a0\u00bb]<div class='q_icon_with_title   center'><div class=\"icon_holder \" style=\" \"><div class=\"icon_holder_inner\"><span class=\"q_font_elegant_holder  \" style=\"font-size: 30px;\"><span class=\"icon_text_icon q_font_elegant_icon icon_documents_alt\" aria-hidden=\"true\" style=\"font-size: 30px;\"><\/span><\/span><\/div><\/div><div class=\"icon_text_holder\" style=\"\"><div class=\"icon_text_inner\" style=\"\"><h4 class=\"icon_title\" style=\"\"><\/h4><p style=''><\/p><\/div><\/div><\/div>[vc_empty_space height=\u00a0\u00bb440&Prime;]<div class='q_icon_with_title   center'><div class=\"icon_holder \" style=\" \"><div class=\"icon_holder_inner\"><span class=\"q_font_elegant_holder  \" style=\"font-size: 30px;\"><span class=\"icon_text_icon q_font_elegant_icon icon_document_alt\" aria-hidden=\"true\" style=\"font-size: 30px;\"><\/span><\/span><\/div><\/div><div class=\"icon_text_holder\" style=\"\"><div class=\"icon_text_inner\" style=\"\"><h4 class=\"icon_title\" style=\"\"><\/h4><p style=''><\/p><\/div><\/div><\/div>[\/vc_column][vc_column width=\u00a0\u00bb5\/6&Prime;][vc_row_inner row_type=\u00a0\u00bbrow\u00a0\u00bb type=\u00a0\u00bbfull_width\u00a0\u00bb use_row_as_full_screen_section_slide=\u00a0\u00bbno\u00a0\u00bb text_align=\u00a0\u00bbleft\u00a0\u00bb css_animation=\u00a0\u00bb\u00a0\u00bb][vc_column_inner][vc_column_text]<\/p>\n<h4><\/h4>\n<p>&nbsp;<\/p>\n<h4>Nouveau curriculum en univers social<\/h4>\n<p>&nbsp;<\/p>\n<p>Pr\u00e9sentation de l\u2019atelier \u00e0 la rencontre nationale des gestionnaires et des responsables du soutien p\u00e9dagogique en janvier 2017<\/p>\n<p><a href=\"http:\/\/www.accompagnementfga.ca\/universsocial\/wp-content\/uploads\/sites\/27\/2015\/12\/RSP-janvier_24-janvier-2017.pptx\" class=\"mtli_attachment mtli_pptx\">Pr\u00e9sentation du projet<\/a>[\/vc_column_text][\/vc_column_inner][\/vc_row_inner][vc_row_inner row_type=\u00a0\u00bbrow\u00a0\u00bb type=\u00a0\u00bbfull_width\u00a0\u00bb use_row_as_full_screen_section_slide=\u00a0\u00bbno\u00a0\u00bb text_align=\u00a0\u00bbleft\u00a0\u00bb css_animation=\u00a0\u00bb\u00a0\u00bb][vc_column_inner][vc_empty_space][vc_column_text]<\/p>\n<h4><\/h4>\n<h4>\u00a0Tableaux synoptiques<\/h4>\n<p>&nbsp;<\/p>\n<p>Pr\u00e9sentation des savoirs et des comp\u00e9tences des programmes d\u2019\u00e9tudes en lien avec le projet du nouveau curriculum[\/vc_column_text][vc_empty_space][\/vc_column_inner][\/vc_row_inner][vc_row_inner row_type=\u00a0\u00bbrow\u00a0\u00bb type=\u00a0\u00bbfull_width\u00a0\u00bb use_row_as_full_screen_section_slide=\u00a0\u00bbno\u00a0\u00bb text_align=\u00a0\u00bbleft\u00a0\u00bb css_animation=\u00a0\u00bb\u00a0\u00bb][vc_column_inner width=\u00a0\u00bb1\/6&Prime;][vc_column_text]<\/p>\n<h4><\/h4>\n<table style=\"height: 334px\" width=\"723\">\n<tbody>\n<tr>\n<td style=\"text-align: center\" width=\"293\"><strong>Fran\u00e7ais<\/strong><\/td>\n<td style=\"text-align: center\" width=\"293\"><\/td>\n<\/tr>\n<tr>\n<td style=\"text-align: left\" width=\"293\"><a href=\"http:\/\/www.accompagnementfga.ca\/universsocial\/wp-content\/uploads\/sites\/27\/2015\/12\/3-avril-2018-Tableau-\u00e9ducation-financi\u00e8re.pdf\" class=\"mtli_attachment mtli_pdf\">\u00c9ducation financi\u00e8re (approuv\u00e9)<\/a><\/td>\n<td style=\"text-align: left\" width=\"293\"><\/td>\n<\/tr>\n<tr>\n<td style=\"text-align: left\" width=\"293\"><a href=\"http:\/\/www.accompagnementfga.ca\/universsocial\/wp-content\/uploads\/sites\/27\/2015\/12\/Tableau-G\u00e9ographie-culturelle.pdf\" class=\"mtli_attachment mtli_pdf\">G\u00e9ographie culturelle (provisoire)<\/a><\/td>\n<td style=\"text-align: left\" width=\"293\"><\/td>\n<\/tr>\n<tr>\n<td style=\"text-align: left\" width=\"293\"><a href=\"http:\/\/www.accompagnementfga.ca\/universsocial\/wp-content\/uploads\/sites\/27\/2015\/12\/Tableau-g\u00e9ographie-r\u00e9gionale.pdf\" class=\"mtli_attachment mtli_pdf\">G\u00e9ographie r\u00e9gionale du Qu\u00e9bec (provisoire)<\/a><\/td>\n<td style=\"text-align: left\" width=\"293\"><\/td>\n<\/tr>\n<tr>\n<td style=\"text-align: left\" width=\"293\"><a href=\"http:\/\/www.accompagnementfga.ca\/universsocial\/wp-content\/uploads\/sites\/27\/2015\/12\/Tableau-histoire-20e-si\u00e8cle.pdf\" class=\"mtli_attachment mtli_pdf\">Histoire du\u00a020<span class=\"exposant\">e<\/span> si\u00e8cle (provisoire)<\/a><\/td>\n<td style=\"text-align: left\" width=\"293\"><\/td>\n<\/tr>\n<tr>\n<td style=\"text-align: left\" width=\"293\"><a href=\"http:\/\/www.accompagnementfga.ca\/universsocial\/wp-content\/uploads\/sites\/27\/2017\/06\/9-mai-2017-Tableau-synptique-HQC_14_juin_2017.pdf\" class=\"mtli_attachment mtli_pdf\">Histoire du Qu\u00e9bec et du Canada (provisoire)<\/a><\/td>\n<td style=\"text-align: left\" width=\"293\"><\/td>\n<\/tr>\n<tr>\n<td style=\"text-align: left\" width=\"293\"><a href=\"http:\/\/www.accompagnementfga.ca\/universsocial\/wp-content\/uploads\/sites\/27\/2015\/12\/Tableau-Monde-contemporain.pdf\" class=\"mtli_attachment mtli_pdf\">Monde contemporain (approuv\u00e9)<\/a><\/td>\n<td style=\"text-align: left\" width=\"293\"><\/td>\n<\/tr>\n<\/tbody>\n<\/table>\n<p>[\/vc_column_text][vc_column_text][\/vc_column_text][\/vc_column_inner][vc_column_inner width=\u00a0\u00bb1\/6&Prime;][\/vc_column_inner][vc_column_inner width=\u00a0\u00bb1\/12&Prime;][vc_column_text el_class=\u00a0\u00bbbordure_verticale\u00a0\u00bb css=\u00a0\u00bb.vc_custom_1495651654769{padding-top: 40px !important;}\u00a0\u00bb][\/vc_column_text][\/vc_column_inner][vc_column_inner width=\u00a0\u00bb1\/6&Prime;][vc_column_text]<\/p>\n<h4><\/h4>\n<table style=\"height: 334px\" width=\"723\">\n<tbody>\n<tr>\n<td style=\"text-align: center\" width=\"293\">\u00a0<strong>English<\/strong><\/td>\n<td style=\"text-align: center\" width=\"293\"><\/td>\n<\/tr>\n<tr>\n<td style=\"text-align: left\" width=\"293\"><a href=\"http:\/\/www.accompagnementfga.ca\/universsocial\/wp-content\/uploads\/sites\/27\/2017\/05\/Tableau-\u00e9ducation-financi\u00e8re_EnglishBON_23_mai_2017.pdf\" class=\"mtli_attachment mtli_pdf\">Financial Education (preliminary)<\/a><\/td>\n<td style=\"text-align: left\" width=\"293\"><\/td>\n<\/tr>\n<tr>\n<td style=\"text-align: left\" width=\"293\"><a href=\"http:\/\/www.accompagnementfga.ca\/universsocial\/wp-content\/uploads\/sites\/27\/2017\/05\/Tableau-G\u00e9ographie-culturelle_1_EnglishBON_23_mai_2017.pdf\" class=\"mtli_attachment mtli_pdf\">Cultural Geography (preliminary)<\/a><\/td>\n<td style=\"text-align: left\" width=\"293\"><\/td>\n<\/tr>\n<tr>\n<td style=\"text-align: left\" width=\"293\"><a href=\"http:\/\/www.accompagnementfga.ca\/universsocial\/wp-content\/uploads\/sites\/27\/2017\/05\/Tableau-g\u00e9ographie-r\u00e9gionale-English_BON_23_mai_2017.pdf\" class=\"mtli_attachment mtli_pdf\">Regional Geography of Qu\u00e9bec (preliminary)<\/a><\/td>\n<td style=\"text-align: left\" width=\"293\"><\/td>\n<\/tr>\n<tr>\n<td style=\"text-align: left\" width=\"293\"><a href=\"http:\/\/www.accompagnementfga.ca\/universsocial\/wp-content\/uploads\/sites\/27\/2017\/05\/Tableau-histoire-20esi\u00e8cle_1_EnglishBON_23_mai_2017.pdf\" class=\"mtli_attachment mtli_pdf\">History of the 20th Century (preliminary)<\/a><\/td>\n<td style=\"text-align: left\" width=\"293\"><\/td>\n<\/tr>\n<tr>\n<td style=\"text-align: left\" width=\"293\"><a href=\"http:\/\/www.accompagnementfga.ca\/universsocial\/wp-content\/uploads\/sites\/27\/2017\/06\/Tableau-HQC_English_BON_14_juin_2017.pdf\" class=\"mtli_attachment mtli_pdf\">History of Quebec and Canada (preliminary)<\/a><\/td>\n<td style=\"text-align: left\" width=\"293\"><\/td>\n<\/tr>\n<tr>\n<td style=\"text-align: left\" width=\"293\"><a href=\"http:\/\/www.accompagnementfga.ca\/universsocial\/wp-content\/uploads\/sites\/27\/2017\/05\/Tableau-Monde-contemporain_English_BON_23_mai_2017.pdf\" class=\"mtli_attachment mtli_pdf\">Contemporary World (approved)<\/a><\/td>\n<td style=\"text-align: left\" width=\"293\"><\/td>\n<\/tr>\n<\/tbody>\n<\/table>\n<p>[\/vc_column_text][\/vc_column_inner][vc_column_inner width=\u00a0\u00bb1\/6&Prime;][\/vc_column_inner][\/vc_row_inner][vc_empty_space height=\u00a0\u00bb40&Prime;][\/vc_column][\/vc_row]<\/p>\n<\/div>","protected":false},"excerpt":{"rendered":"<p>[vc_row row_type=\u00a0\u00bbrow\u00a0\u00bb use_row_as_full_screen_section=\u00a0\u00bbno\u00a0\u00bb type=\u00a0\u00bbfull_width\u00a0\u00bb text_align=\u00a0\u00bbleft\u00a0\u00bb css_animation=\u00a0\u00bb\u00a0\u00bb][vc_column][\/vc_column][\/vc_row][vc_row row_type=\u00a0\u00bbrow\u00a0\u00bb use_row_as_full_screen_section=\u00a0\u00bbno\u00a0\u00bb type=\u00a0\u00bbfull_width\u00a0\u00bb text_align=\u00a0\u00bbleft\u00a0\u00bb css_animation=\u00a0\u00bb\u00a0\u00bb][vc_column][vc_column_text] Projet du nouveau curriculum en Univers social &nbsp; Le nouveau curriculum en Univers social de la formation de base diversifi\u00e9e suscite de nombreuses questions. Quels seront les programmes offerts? Quelle forme prendra l&rsquo;\u00e9valuation? Des&#8230;<\/p>\n","protected":false},"author":1,"featured_media":0,"parent":0,"menu_order":0,"comment_status":"closed","ping_status":"closed","template":"","meta":{"footnotes":"","_links_to":"","_links_to_target":""},"_links":{"self":[{"href":"https:\/\/www.accompagnementfga.ca\/universsocial\/wp-json\/wp\/v2\/pages\/18"}],"collection":[{"href":"https:\/\/www.accompagnementfga.ca\/universsocial\/wp-json\/wp\/v2\/pages"}],"about":[{"href":"https:\/\/www.accompagnementfga.ca\/universsocial\/wp-json\/wp\/v2\/types\/page"}],"author":[{"embeddable":true,"href":"https:\/\/www.accompagnementfga.ca\/universsocial\/wp-json\/wp\/v2\/users\/1"}],"replies":[{"embeddable":true,"href":"https:\/\/www.accompagnementfga.ca\/universsocial\/wp-json\/wp\/v2\/comments?post=18"}],"version-history":[{"count":51,"href":"https:\/\/www.accompagnementfga.ca\/universsocial\/wp-json\/wp\/v2\/pages\/18\/revisions"}],"predecessor-version":[{"id":23242,"href":"https:\/\/www.accompagnementfga.ca\/universsocial\/wp-json\/wp\/v2\/pages\/18\/revisions\/23242"}],"wp:attachment":[{"href":"https:\/\/www.accompagnementfga.ca\/universsocial\/wp-json\/wp\/v2\/media?parent=18"}],"curies":[{"name":"wp","href":"https:\/\/api.w.org\/{rel}","templated":true}]}}