{"id":22772,"date":"2016-12-12T20:38:04","date_gmt":"2016-12-12T19:38:04","guid":{"rendered":"http:\/\/www.accompagnementfga.ca\/mondecontemporain\/accueil-copy\/"},"modified":"2024-03-06T14:19:52","modified_gmt":"2024-03-06T18:19:52","slug":"programmes-c","status":"publish","type":"page","link":"https:\/\/www.accompagnementfga.ca\/mondecontemporain\/","title":{"rendered":"Programmes C"},"content":{"rendered":"<div class=\"wpb-content-wrapper\"><p>[vc_row css_animation=\u00a0\u00bb\u00a0\u00bb row_type=\u00a0\u00bbrow\u00a0\u00bb use_row_as_full_screen_section=\u00a0\u00bbno\u00a0\u00bb type=\u00a0\u00bbfull_width\u00a0\u00bb text_align=\u00a0\u00bbleft\u00a0\u00bb background_color=\u00a0\u00bb#ffffff\u00a0\u00bb][vc_column][vc_row_inner row_type=\u00a0\u00bbrow\u00a0\u00bb type=\u00a0\u00bbgrid\u00a0\u00bb use_row_as_full_screen_section_slide=\u00a0\u00bbno\u00a0\u00bb text_align=\u00a0\u00bbleft\u00a0\u00bb background_color=\u00a0\u00bb#ffffff\u00a0\u00bb padding_top=\u00a0\u00bb80&Prime; padding_bottom=\u00a0\u00bb80&Prime; css_animation=\u00a0\u00bb\u00a0\u00bb][vc_column_inner][vc_separator type=\u00a0\u00bbtransparent\u00a0\u00bb border_style=\u00a0\u00bb\u00a0\u00bb up=\u00a0\u00bb40&Prime; down=\u00a0\u00bb0&Prime;][vc_column_text]<\/p>\n<div class=\"wpb_text_column wpb_content_element \">\n<div class=\"wpb_wrapper\">\n<h4>BIENVENUE SUR LE SITE D\u2019ACCOMPAGNEMENT<\/h4>\n<\/div>\n<\/div>\n<p>[\/vc_column_text][vc_column_text]<\/p>\n<h3>UNIVERS SOCIAL<\/h3>\n<h2>Monde contemporain<\/h2>\n<p>[\/vc_column_text][vc_separator type=\u00a0\u00bbtransparent\u00a0\u00bb border_style=\u00a0\u00bb\u00a0\u00bb up=\u00a0\u00bb40&Prime; down=\u00a0\u00bb0&Prime;][vc_column_text]Le programme d\u2019\u00e9tudes <em>Monde contemporain<\/em> permet \u00e0 l\u2019adulte de d\u00e9velopper les comp\u00e9tences <em>Interpr\u00e9ter un probl\u00e8me du monde contemporain<\/em> et <em>Prendre position sur un enjeu du monde contemporain<\/em>, contribue \u00e0 la formation g\u00e9n\u00e9rale de l\u2019adulte et l\u2019aide \u00e0 prendre part \u00e0 la vie collective et aux d\u00e9bats qui ont cours dans la soci\u00e9t\u00e9.[\/vc_column_text][\/vc_column_inner][\/vc_row_inner][vc_separator type=\u00a0\u00bbtransparent\u00a0\u00bb border_style=\u00a0\u00bb\u00a0\u00bb up=\u00a0\u00bb40&Prime; down=\u00a0\u00bb0&Prime;][\/vc_column][\/vc_row]<\/p>\n<\/div>","protected":false},"excerpt":{"rendered":"<p>[vc_row css_animation=\u00a0\u00bb\u00a0\u00bb row_type=\u00a0\u00bbrow\u00a0\u00bb use_row_as_full_screen_section=\u00a0\u00bbno\u00a0\u00bb type=\u00a0\u00bbfull_width\u00a0\u00bb text_align=\u00a0\u00bbleft\u00a0\u00bb background_color=\u00a0\u00bb#ffffff\u00a0\u00bb][vc_column][vc_row_inner row_type=\u00a0\u00bbrow\u00a0\u00bb type=\u00a0\u00bbgrid\u00a0\u00bb use_row_as_full_screen_section_slide=\u00a0\u00bbno\u00a0\u00bb text_align=\u00a0\u00bbleft\u00a0\u00bb background_color=\u00a0\u00bb#ffffff\u00a0\u00bb padding_top=\u00a0\u00bb80&Prime; padding_bottom=\u00a0\u00bb80&Prime; css_animation=\u00a0\u00bb\u00a0\u00bb][vc_column_inner][vc_separator type=\u00a0\u00bbtransparent\u00a0\u00bb border_style=\u00a0\u00bb\u00a0\u00bb up=\u00a0\u00bb40&Prime; down=\u00a0\u00bb0&Prime;][vc_column_text] BIENVENUE SUR LE SITE D\u2019ACCOMPAGNEMENT [\/vc_column_text][vc_column_text] UNIVERS SOCIAL Monde contemporain [\/vc_column_text][vc_separator type=\u00a0\u00bbtransparent\u00a0\u00bb border_style=\u00a0\u00bb\u00a0\u00bb up=\u00a0\u00bb40&Prime; down=\u00a0\u00bb0&Prime;][vc_column_text]Le programme d\u2019\u00e9tudes Monde contemporain permet \u00e0 l\u2019adulte de d\u00e9velopper les comp\u00e9tences&#8230;<\/p>\n","protected":false},"author":1,"featured_media":0,"parent":0,"menu_order":0,"comment_status":"closed","ping_status":"closed","template":"full_width.php","meta":{"footnotes":"","_links_to":"","_links_to_target":""},"_links":{"self":[{"href":"https:\/\/www.accompagnementfga.ca\/mondecontemporain\/wp-json\/wp\/v2\/pages\/22772"}],"collection":[{"href":"https:\/\/www.accompagnementfga.ca\/mondecontemporain\/wp-json\/wp\/v2\/pages"}],"about":[{"href":"https:\/\/www.accompagnementfga.ca\/mondecontemporain\/wp-json\/wp\/v2\/types\/page"}],"author":[{"embeddable":true,"href":"https:\/\/www.accompagnementfga.ca\/mondecontemporain\/wp-json\/wp\/v2\/users\/1"}],"replies":[{"embeddable":true,"href":"https:\/\/www.accompagnementfga.ca\/mondecontemporain\/wp-json\/wp\/v2\/comments?post=22772"}],"version-history":[{"count":42,"href":"https:\/\/www.accompagnementfga.ca\/mondecontemporain\/wp-json\/wp\/v2\/pages\/22772\/revisions"}],"predecessor-version":[{"id":23243,"href":"https:\/\/www.accompagnementfga.ca\/mondecontemporain\/wp-json\/wp\/v2\/pages\/22772\/revisions\/23243"}],"wp:attachment":[{"href":"https:\/\/www.accompagnementfga.ca\/mondecontemporain\/wp-json\/wp\/v2\/media?parent=22772"}],"curies":[{"name":"wp","href":"https:\/\/api.w.org\/{rel}","templated":true}]}}