{"id":21736,"date":"2015-11-15T06:52:14","date_gmt":"2015-11-15T10:52:14","guid":{"rendered":"http:\/\/www.accompagnementfga.ca\/demo1\/?page_id=21736"},"modified":"2025-08-17T11:43:10","modified_gmt":"2025-08-17T15:43:10","slug":"document_officiels","status":"publish","type":"page","link":"https:\/\/www.accompagnementfga.ca\/mondecontemporain\/document_officiels\/","title":{"rendered":"Documents officiels"},"content":{"rendered":"<div class=\"wpb-content-wrapper\"><p>[vc_row css_animation=\u00a0\u00bb\u00a0\u00bb row_type=\u00a0\u00bbrow\u00a0\u00bb use_row_as_full_screen_section=\u00a0\u00bbno\u00a0\u00bb type=\u00a0\u00bbgrid\u00a0\u00bb text_align=\u00a0\u00bbleft\u00a0\u00bb padding_top=\u00a0\u00bb40&Prime; padding_bottom=\u00a0\u00bb20&Prime;][vc_column width=\u00a0\u00bb1\/6&Prime;]<div class='q_icon_with_title   center'><div class=\"icon_holder \" style=\" \"><div class=\"icon_holder_inner\"><span class=\"q_font_elegant_holder  \" style=\"font-size: 30px;\"><span class=\"icon_text_icon q_font_elegant_icon icon_documents_alt\" aria-hidden=\"true\" style=\"font-size: 30px;\"><\/span><\/span><\/div><\/div><div class=\"icon_text_holder\" style=\"\"><div class=\"icon_text_inner\" style=\"\"><h4 class=\"icon_title\" style=\"\"><\/h4><p style=''><\/p><\/div><\/div><\/div>[vc_empty_space height=\u00a0\u00bb50&Prime;]<div class='q_icon_with_title   center'><div class=\"icon_holder \" style=\" \"><div class=\"icon_holder_inner\"><span class=\"q_font_elegant_holder  \" style=\"font-size: 30px;\"><span class=\"icon_text_icon q_font_elegant_icon icon_documents_alt\" aria-hidden=\"true\" style=\"font-size: 30px;\"><\/span><\/span><\/div><\/div><div class=\"icon_text_holder\" style=\"\"><div class=\"icon_text_inner\" style=\"\"><h4 class=\"icon_title\" style=\"\"><\/h4><p style=''><\/p><\/div><\/div><\/div>[vc_empty_space][\/vc_column][vc_column width=\u00a0\u00bb5\/6&Prime;][vc_row_inner row_type=\u00a0\u00bbrow\u00a0\u00bb type=\u00a0\u00bbfull_width\u00a0\u00bb use_row_as_full_screen_section_slide=\u00a0\u00bbno\u00a0\u00bb text_align=\u00a0\u00bbleft\u00a0\u00bb css_animation=\u00a0\u00bb\u00a0\u00bb][vc_column_inner][vc_empty_space height=\u00a0\u00bb10px\u00a0\u00bb][vc_column_text]<\/p>\n<h4><\/h4>\n<h4><a href=\"https:\/\/www.quebec.ca\/education\/formation-professionnelle-education-adultes\/formation-generale-adultes\/programmes-formation-generale-adultes\/monde-contemporain\">Programme d&rsquo;\u00e9tudes et d\u00e9finitions du domaine d&rsquo;\u00e9valuation<\/a><\/h4>\n<p>[\/vc_column_text][vc_separator type=\u00a0\u00bbtransparent\u00a0\u00bb border_style=\u00a0\u00bb\u00a0\u00bb][vc_empty_space height=\u00a0\u00bb90px\u00a0\u00bb][vc_column_text]<\/p>\n<h4><span style=\"color: #000000\">Pr\u00e9cisions des savoirs<\/span><\/h4>\n<p>&nbsp;<\/p>\n<p>Ces documents constituent un compl\u00e9ment au programme de Monde contemporain. Ils apportent des pr\u00e9cisions sur les savoirs que l&rsquo;adulte acqui\u00e8re dans ce programme d&rsquo;\u00e9tudes.<\/p>\n<p><a href=\"http:\/\/www.accompagnementfga.ca\/mondecontemporain\/wp-content\/uploads\/sites\/29\/2016\/12\/21-juin-2016-Precision-SCH-5101-2-REV-VG.pdf\" class=\"mtli_attachment mtli_pdf\">Pr\u00e9cision des savoirs SCH 5101-2<\/a><\/p>\n<p><a href=\"http:\/\/www.accompagnementfga.ca\/mondecontemporain\/wp-content\/uploads\/sites\/29\/2017\/01\/21-juin-2016-Precision-SCH-5102-2-REV-VG.pdf\" class=\"mtli_attachment mtli_pdf\">Pr\u00e9cision des savoirs SCH 5102-2<\/a>[\/vc_column_text][vc_separator type=\u00a0\u00bbtransparent\u00a0\u00bb border_style=\u00a0\u00bb\u00a0\u00bb][vc_column_text]<\/p>\n<h3><span style=\"color: #f5f5f5\">Documents connexes au programme d\u2019\u00e9tudes<\/span><\/h3>\n<p>[\/vc_column_text][vc_separator type=\u00a0\u00bbtransparent\u00a0\u00bb border_style=\u00a0\u00bb\u00a0\u00bb][vc_separator type=\u00a0\u00bbtransparent\u00a0\u00bb border_style=\u00a0\u00bb\u00a0\u00bb][vc_column_text]<\/p>\n<h4><span style=\"color: #f5f5f5\">Guide p\u00e9dagogique<\/span><\/h4>\n<p><span style=\"color: #f5f5f5\">Le pr\u00e9sent guide p\u00e9dagogique est un document d\u2019accompagnement du programme d\u2019\u00e9tudes <em>Monde contemporain; <\/em>les buts sont les suivants\u00a0:<\/span><\/p>\n<p><span style=\"color: #f5f5f5\">faciliter l\u2019appropriation et l\u2019application du programme d\u2019\u00e9tudes <em>Monde contemporain<\/em>;<\/span><\/p>\n<p><span style=\"color: #f5f5f5\">proposer des exemples d\u2019instruments pour l\u2019\u00e9valuation des connaissances et des comp\u00e9tences.<\/span><\/p>\n<p style=\"text-align: justify\"><span style=\"color: #f5f5f5\">Ce guide doit \u00eatre utilis\u00e9 en compl\u00e9ment du programme d\u2019\u00e9tudes et de la pr\u00e9cision des apprentissages. Il facilitera l\u2019action p\u00e9dagogique des diff\u00e9rents intervenants susceptibles de travailler \u00e0 l\u2019application de ce programme d\u2019\u00e9tudes et aidera le personnel responsable de l\u2019\u00e9laboration des instruments d\u2019\u00e9valuation dans les centres d\u2019\u00e9ducation des adultes.<\/span><\/p>\n<p><span style=\"color: #f5f5f5\">Crit\u00e8res d&rsquo;\u00e9valuations<\/span><\/p>\n<p><span style=\"color: #f5f5f5\">\u00c9laboration d&rsquo;une \u00e9preuve<\/span><\/p>\n<p><span style=\"color: #f5f5f5\">Exemple d&rsquo;un canevas<\/span><\/p>\n<p><span style=\"color: #f5f5f5\">Op\u00e9rations intellectuelles et exemples<\/span><\/p>\n<p><span style=\"color: #f5f5f5\">Pistes p\u00e9dagogiques<\/span><\/p>\n<p><span style=\"color: #f5f5f5\">Programme d&rsquo;\u00e9tudes<\/span><\/p>\n<p><span style=\"color: #f5f5f5\">\u00a0<\/span><\/p>\n<h4><span style=\"color: #f5f5f5\">Pr\u00e9cisions des savoirs<\/span><\/h4>\n<p><span style=\"color: #f5f5f5\">Ces documents constituent un compl\u00e9ment au programme de Monde contemporain. Ils apportent des pr\u00e9cisions sur les savoirs que l&rsquo;adulte acqui\u00e8re dans ce programme d&rsquo;\u00e9tudes.<\/span>[\/vc_column_text][vc_separator type=\u00a0\u00bbtransparent\u00a0\u00bb border_style=\u00a0\u00bb\u00a0\u00bb][\/vc_column_inner][\/vc_row_inner][\/vc_column][\/vc_row][vc_row css_animation=\u00a0\u00bb\u00a0\u00bb row_type=\u00a0\u00bbrow\u00a0\u00bb use_row_as_full_screen_section=\u00a0\u00bbno\u00a0\u00bb type=\u00a0\u00bbfull_width\u00a0\u00bb text_align=\u00a0\u00bbleft\u00a0\u00bb][vc_column][vc_separator type=\u00a0\u00bbtransparent\u00a0\u00bb border_style=\u00a0\u00bb\u00a0\u00bb][\/vc_column][\/vc_row]<\/p>\n<\/div>","protected":false},"excerpt":{"rendered":"<p>[vc_row css_animation=\u00a0\u00bb\u00a0\u00bb row_type=\u00a0\u00bbrow\u00a0\u00bb use_row_as_full_screen_section=\u00a0\u00bbno\u00a0\u00bb type=\u00a0\u00bbgrid\u00a0\u00bb text_align=\u00a0\u00bbleft\u00a0\u00bb padding_top=\u00a0\u00bb40&Prime; padding_bottom=\u00a0\u00bb20&Prime;][vc_column width=\u00a0\u00bb1\/6&Prime;][vc_empty_space height=\u00a0\u00bb50&Prime;][vc_empty_space][\/vc_column][vc_column width=\u00a0\u00bb5\/6&Prime;][vc_row_inner row_type=\u00a0\u00bbrow\u00a0\u00bb type=\u00a0\u00bbfull_width\u00a0\u00bb use_row_as_full_screen_section_slide=\u00a0\u00bbno\u00a0\u00bb text_align=\u00a0\u00bbleft\u00a0\u00bb css_animation=\u00a0\u00bb\u00a0\u00bb][vc_column_inner][vc_empty_space height=\u00a0\u00bb10px\u00a0\u00bb][vc_column_text] Programme d&rsquo;\u00e9tudes et d\u00e9finitions du domaine d&rsquo;\u00e9valuation [\/vc_column_text][vc_separator type=\u00a0\u00bbtransparent\u00a0\u00bb border_style=\u00a0\u00bb\u00a0\u00bb][vc_empty_space height=\u00a0\u00bb90px\u00a0\u00bb][vc_column_text] Pr\u00e9cisions des savoirs &nbsp; Ces documents constituent un compl\u00e9ment au programme de Monde contemporain. Ils apportent des&#8230;<\/p>\n","protected":false},"author":1,"featured_media":0,"parent":0,"menu_order":0,"comment_status":"closed","ping_status":"closed","template":"full_width.php","meta":{"footnotes":"","_links_to":"","_links_to_target":""},"_links":{"self":[{"href":"https:\/\/www.accompagnementfga.ca\/mondecontemporain\/wp-json\/wp\/v2\/pages\/21736"}],"collection":[{"href":"https:\/\/www.accompagnementfga.ca\/mondecontemporain\/wp-json\/wp\/v2\/pages"}],"about":[{"href":"https:\/\/www.accompagnementfga.ca\/mondecontemporain\/wp-json\/wp\/v2\/types\/page"}],"author":[{"embeddable":true,"href":"https:\/\/www.accompagnementfga.ca\/mondecontemporain\/wp-json\/wp\/v2\/users\/1"}],"replies":[{"embeddable":true,"href":"https:\/\/www.accompagnementfga.ca\/mondecontemporain\/wp-json\/wp\/v2\/comments?post=21736"}],"version-history":[{"count":158,"href":"https:\/\/www.accompagnementfga.ca\/mondecontemporain\/wp-json\/wp\/v2\/pages\/21736\/revisions"}],"predecessor-version":[{"id":23253,"href":"https:\/\/www.accompagnementfga.ca\/mondecontemporain\/wp-json\/wp\/v2\/pages\/21736\/revisions\/23253"}],"wp:attachment":[{"href":"https:\/\/www.accompagnementfga.ca\/mondecontemporain\/wp-json\/wp\/v2\/media?parent=21736"}],"curies":[{"name":"wp","href":"https:\/\/api.w.org\/{rel}","templated":true}]}}