{"id":22985,"date":"2019-08-26T16:28:00","date_gmt":"2019-08-26T15:28:00","guid":{"rendered":"http:\/\/www.accompagnementfga.ca\/isp\/bloc3-copy\/"},"modified":"2026-02-04T16:17:03","modified_gmt":"2026-02-04T15:17:03","slug":"bloc4","status":"publish","type":"page","link":"https:\/\/www.accompagnementfga.ca\/isp\/bloc4\/","title":{"rendered":"Stage CFMS"},"content":{"rendered":"<div class=\"wpb-content-wrapper\"><p>[vc_row css_animation=\u00a0\u00bb\u00a0\u00bb row_type=\u00a0\u00bbrow\u00a0\u00bb use_row_as_full_screen_section=\u00a0\u00bbno\u00a0\u00bb type=\u00a0\u00bbfull_width\u00a0\u00bb text_align=\u00a0\u00bbleft\u00a0\u00bb background_color=\u00a0\u00bb#ffffff\u00a0\u00bb][vc_column][vc_row_inner row_type=\u00a0\u00bbrow\u00a0\u00bb type=\u00a0\u00bbgrid\u00a0\u00bb use_row_as_full_screen_section_slide=\u00a0\u00bbno\u00a0\u00bb text_align=\u00a0\u00bbleft\u00a0\u00bb padding_top=\u00a0\u00bb50&Prime; padding_bottom=\u00a0\u00bb50&Prime; css_animation=\u00a0\u00bb\u00a0\u00bb][vc_column_inner][vc_column_text]<\/p>\n<h3>Bloc\u00a04<\/h3>\n<h5>Stage CFMS<\/h5>\n<p>[\/vc_column_text][vc_separator type=\u00a0\u00bbtransparent\u00a0\u00bb border_style=\u00a0\u00bb\u00a0\u00bb up=\u00a0\u00bb5&Prime; down=\u00a0\u00bb0&Prime;][vc_separator type=\u00a0\u00bbtransparent\u00a0\u00bb border_style=\u00a0\u00bb\u00a0\u00bb up=\u00a0\u00bb5&Prime; down=\u00a0\u00bb0&Prime;][vc_separator type=\u00a0\u00bbtransparent\u00a0\u00bb border_style=\u00a0\u00bb\u00a0\u00bb up=\u00a0\u00bb5&Prime; down=\u00a0\u00bb0&Prime;][vc_separator type=\u00a0\u00bbtransparent\u00a0\u00bb border_style=\u00a0\u00bb\u00a0\u00bb up=\u00a0\u00bb5&Prime; down=\u00a0\u00bb0&Prime;][vc_separator type=\u00a0\u00bbtransparent\u00a0\u00bb border_style=\u00a0\u00bb\u00a0\u00bb up=\u00a0\u00bb25&Prime; down=\u00a0\u00bb0&Prime;]<div class='q_icon_with_title  '><div class=\"icon_holder \" style=\" \"><div class=\"icon_holder_inner\"><span class=\"q_font_elegant_holder  \" style=\"font-size: 80px;\"><span class=\"icon_text_icon q_font_elegant_icon icon_documents_alt\" aria-hidden=\"true\" style=\"font-size: 80px;\"><\/span><\/span><\/div><\/div><div class=\"icon_text_holder\" style=\"padding-left: 110px\"><div class=\"icon_text_inner\" style=\"\"><h4 class=\"icon_title\" style=\"\">Les 375 heures de formation associ\u00e9es \u00e0 la pr\u00e9paration \u00e0 l\u2019exercice d\u2019un m\u00e9tier semi-sp\u00e9cialis\u00e9 qui correspondent aux trois codes de cours Formation \u00e0 un m\u00e9tier semi-sp\u00e9cialis\u00e9 I ou aux trois codes de cours Formation \u00e0 un m\u00e9tier semi-sp\u00e9cialis\u00e9 II, doivent \u00eatre accomplies majoritairement (c\u2019est-\u00e0-dire au moins 80 % des heures) en milieu de travail, dans le cadre d\u2019un stage, et conduire \u00e0 la ma\u00eetrise des comp\u00e9tences sp\u00e9cifiques d\u2019un m\u00e9tier semi-sp\u00e9cialis\u00e9.<\/h4><p style=''><\/p><\/div><\/div><\/div>[vc_column_text css=\u00a0\u00bb.vc_custom_1770218221922{margin-left: 110px !important;}\u00a0\u00bb]<\/p>\n<ul>\n<li><a href=\"https:\/\/cdn-contenu.quebec.ca\/cdn-contenu\/education\/formation-generale-adultes\/definitions-domaine-evaluation\/integration-socioprofessionnelle\/DDE-ISP-3023-5-integration-socioprofessionnelle-formation-metier-semi-specialise.pdf\" class=\"mtli_attachment mtli_pdf\" target=\"_blank\" rel=\"noopener\">ISP-3023-5 \u2013 Formation \u00e0 un m\u00e9tier semi-sp\u00e9cialis\u00e9<\/a><\/li>\n<li><a href=\"https:\/\/cdn-contenu.quebec.ca\/cdn-contenu\/education\/formation-generale-adultes\/definitions-domaine-evaluation\/integration-socioprofessionnelle\/DDE-ISP-3024-5-integration-socioprofessionnelle-formation-metier-semi-specialise.pdf\" class=\"mtli_attachment mtli_pdf\" target=\"_blank\" rel=\"noopener\">ISP-3024-5 \u2013 Formation \u00e0 un m\u00e9tier semi-sp\u00e9cialis\u00e9<\/a><\/li>\n<li><a href=\"https:\/\/cdn-contenu.quebec.ca\/cdn-contenu\/education\/formation-generale-adultes\/definitions-domaine-evaluation\/integration-socioprofessionnelle\/DDE-ISP-3025-5-integration-socioprofessionnelle-formation-metier-semi-specialise.pdf\" class=\"mtli_attachment mtli_pdf\" target=\"_blank\" rel=\"noopener\">ISP-3025-5 \u2013 Formation \u00e0 un m\u00e9tier semi-sp\u00e9cialis\u00e9<\/a><\/li>\n<\/ul>\n<p>[\/vc_column_text][vc_separator type=\u00a0\u00bbtransparent\u00a0\u00bb border_style=\u00a0\u00bb\u00a0\u00bb up=\u00a0\u00bb40&Prime; down=\u00a0\u00bb0&Prime;][\/vc_column_inner][\/vc_row_inner][\/vc_column][\/vc_row]<\/p>\n<\/div>","protected":false},"excerpt":{"rendered":"<p>[vc_row css_animation=\u00a0\u00bb\u00a0\u00bb row_type=\u00a0\u00bbrow\u00a0\u00bb use_row_as_full_screen_section=\u00a0\u00bbno\u00a0\u00bb type=\u00a0\u00bbfull_width\u00a0\u00bb text_align=\u00a0\u00bbleft\u00a0\u00bb background_color=\u00a0\u00bb#ffffff\u00a0\u00bb][vc_column][vc_row_inner row_type=\u00a0\u00bbrow\u00a0\u00bb type=\u00a0\u00bbgrid\u00a0\u00bb use_row_as_full_screen_section_slide=\u00a0\u00bbno\u00a0\u00bb text_align=\u00a0\u00bbleft\u00a0\u00bb padding_top=\u00a0\u00bb50&Prime; padding_bottom=\u00a0\u00bb50&Prime; css_animation=\u00a0\u00bb\u00a0\u00bb][vc_column_inner][vc_column_text] Bloc\u00a04 Stage CFMS [\/vc_column_text][vc_separator type=\u00a0\u00bbtransparent\u00a0\u00bb border_style=\u00a0\u00bb\u00a0\u00bb up=\u00a0\u00bb5&Prime; down=\u00a0\u00bb0&Prime;][vc_separator type=\u00a0\u00bbtransparent\u00a0\u00bb border_style=\u00a0\u00bb\u00a0\u00bb up=\u00a0\u00bb5&Prime; down=\u00a0\u00bb0&Prime;][vc_separator type=\u00a0\u00bbtransparent\u00a0\u00bb border_style=\u00a0\u00bb\u00a0\u00bb up=\u00a0\u00bb5&Prime; down=\u00a0\u00bb0&Prime;][vc_separator type=\u00a0\u00bbtransparent\u00a0\u00bb border_style=\u00a0\u00bb\u00a0\u00bb up=\u00a0\u00bb5&Prime; down=\u00a0\u00bb0&Prime;][vc_separator type=\u00a0\u00bbtransparent\u00a0\u00bb border_style=\u00a0\u00bb\u00a0\u00bb up=\u00a0\u00bb25&Prime; down=\u00a0\u00bb0&Prime;][vc_column_text css=\u00a0\u00bb.vc_custom_1770218221922{margin-left: 110px !important;}\u00a0\u00bb] ISP-3023-5 \u2013 Formation \u00e0&#8230;<\/p>\n","protected":false},"author":1,"featured_media":0,"parent":0,"menu_order":0,"comment_status":"closed","ping_status":"closed","template":"full_width.php","meta":{"footnotes":"","_links_to":"","_links_to_target":""},"_links":{"self":[{"href":"https:\/\/www.accompagnementfga.ca\/isp\/wp-json\/wp\/v2\/pages\/22985"}],"collection":[{"href":"https:\/\/www.accompagnementfga.ca\/isp\/wp-json\/wp\/v2\/pages"}],"about":[{"href":"https:\/\/www.accompagnementfga.ca\/isp\/wp-json\/wp\/v2\/types\/page"}],"author":[{"embeddable":true,"href":"https:\/\/www.accompagnementfga.ca\/isp\/wp-json\/wp\/v2\/users\/1"}],"replies":[{"embeddable":true,"href":"https:\/\/www.accompagnementfga.ca\/isp\/wp-json\/wp\/v2\/comments?post=22985"}],"version-history":[{"count":6,"href":"https:\/\/www.accompagnementfga.ca\/isp\/wp-json\/wp\/v2\/pages\/22985\/revisions"}],"predecessor-version":[{"id":23302,"href":"https:\/\/www.accompagnementfga.ca\/isp\/wp-json\/wp\/v2\/pages\/22985\/revisions\/23302"}],"wp:attachment":[{"href":"https:\/\/www.accompagnementfga.ca\/isp\/wp-json\/wp\/v2\/media?parent=22985"}],"curies":[{"name":"wp","href":"https:\/\/api.w.org\/{rel}","templated":true}]}}