{"id":22571,"date":"2016-04-13T15:32:06","date_gmt":"2016-04-13T14:32:06","guid":{"rendered":"http:\/\/www.accompagnementfga.ca\/isp\/bibliotheque-2-2\/"},"modified":"2025-12-16T18:21:59","modified_gmt":"2025-12-16T17:21:59","slug":"bibliotheque","status":"publish","type":"page","link":"https:\/\/www.accompagnementfga.ca\/isp\/bibliotheque\/","title":{"rendered":"Biblioth\u00e8que"},"content":{"rendered":"<div class=\"wpb-content-wrapper\"><p>[vc_row css_animation=\u00a0\u00bb\u00a0\u00bb row_type=\u00a0\u00bbrow\u00a0\u00bb use_row_as_full_screen_section=\u00a0\u00bbno\u00a0\u00bb type=\u00a0\u00bbgrid\u00a0\u00bb text_align=\u00a0\u00bbleft\u00a0\u00bb padding_top=\u00a0\u00bb40&Prime; padding_bottom=\u00a0\u00bb20&Prime; css=\u00a0\u00bb.vc_custom_1486481161194{background-color: #ffffff !important;}\u00a0\u00bb][vc_column][vc_separator type=\u00a0\u00bbtransparent\u00a0\u00bb border_style=\u00a0\u00bb\u00a0\u00bb][vc_row_inner row_type=\u00a0\u00bbrow\u00a0\u00bb type=\u00a0\u00bbfull_width\u00a0\u00bb use_row_as_full_screen_section_slide=\u00a0\u00bbno\u00a0\u00bb text_align=\u00a0\u00bbleft\u00a0\u00bb css_animation=\u00a0\u00bb\u00a0\u00bb][vc_column_inner][vc_column_text][\/vc_column_text][vc_separator type=\u00a0\u00bbtransparent\u00a0\u00bb border_style=\u00a0\u00bb\u00a0\u00bb][vc_column_text][\/vc_column_text][vc_column_text]<\/p>\n<h3>Documents minist\u00e9riels<\/h3>\n<p>&nbsp;<\/p>\n<p><a href=\"https:\/\/cdn-contenu.quebec.ca\/cdn-contenu\/education\/formation-generale-adultes\/programmes\/FGA-programme-integration-socioprofessionnelle.pdf\" class=\"mtli_attachment mtli_pdf\" target=\"_blank\" rel=\"noopener\">Programme d&rsquo;\u00e9tudes\u00a0Int\u00e9gration socioprofessionnelle<\/a><\/p>\n<p><a href=\"https:\/\/cdn-contenu.quebec.ca\/cdn-contenu\/education\/formation-generale-adultes\/definitions-domaine-evaluation\/FGA-DDE-integration-socioprofessionnelle.zip\" class=\"mtli_attachment mtli_zip\">D\u00e9finitions du domaine d&rsquo;\u00e9valuation (DDE) des cours<\/a><\/p>\n<p><strong>D\u00e9finitions du domaine d\u2019\u00e9valuation (DDE) des cours locaux en ISP<\/strong><\/p>\n<p><a href=\"http:\/\/www.accompagnementfga.ca\/isp\/wp-content\/uploads\/sites\/13\/2025\/10\/ISP-1041-1.pdf\" class=\"mtli_attachment mtli_pdf\" target=\"_blank\" rel=\"noopener\">ISP-1041-1<\/a>\u00a0 \u00a0 \u00a0\u00a0<a href=\"http:\/\/www.accompagnementfga.ca\/isp\/wp-content\/uploads\/sites\/13\/2025\/10\/ISP-1042-1.pdf\" class=\"mtli_attachment mtli_pdf\" target=\"_blank\" rel=\"noopener\">ISP-1042-1<\/a>\u00a0 \u00a0 \u00a0\u00a0<a href=\"http:\/\/www.accompagnementfga.ca\/isp\/wp-content\/uploads\/sites\/13\/2025\/10\/ISP-1043-1.pdf\" class=\"mtli_attachment mtli_pdf\" target=\"_blank\" rel=\"noopener\">ISP-1043-1<\/a>\u00a0 \u00a0 \u00a0\u00a0<a href=\"http:\/\/www.accompagnementfga.ca\/isp\/wp-content\/uploads\/sites\/13\/2025\/10\/ISP-1044-1.pdf\" class=\"mtli_attachment mtli_pdf\" target=\"_blank\" rel=\"noopener\">ISP-1044-1<\/a>\u00a0 \u00a0 \u00a0\u00a0<a href=\"http:\/\/www.accompagnementfga.ca\/isp\/wp-content\/uploads\/sites\/13\/2025\/10\/ISP-1045-2.pdf\" class=\"mtli_attachment mtli_pdf\" target=\"_blank\" rel=\"noopener\">ISP-1045-2<\/a>\u00a0 \u00a0 \u00a0\u00a0<a href=\"http:\/\/www.accompagnementfga.ca\/isp\/wp-content\/uploads\/sites\/13\/2025\/10\/ISP-2001-1.pdf\" class=\"mtli_attachment mtli_pdf\" target=\"_blank\" rel=\"noopener\">ISP-2001-1<\/a>\u00a0 \u00a0 \u00a0\u00a0<a href=\"http:\/\/www.accompagnementfga.ca\/isp\/wp-content\/uploads\/sites\/13\/2025\/10\/ISP-P021-1.pdf\" class=\"mtli_attachment mtli_pdf\" target=\"_blank\" rel=\"noopener\">ISP-P021-1<\/a><\/p>\n<p><a href=\"https:\/\/prod-da.education.gouv.qc.ca\/pls\/apexda\/r\/esp_rms\/rms_gp\/repertoire?session=5672856250271\" target=\"_blank\" rel=\"noopener\">R\u00e9pertoire des m\u00e9tiers semi-sp\u00e9cialis\u00e9s<\/a><\/p>\n<p><a href=\"http:\/\/www.legisquebec.gouv.qc.ca\/fr\/ShowDoc\/cs\/I-13.3\" target=\"_blank\" rel=\"noopener\">Loi sur l&rsquo;instruction publique<\/a><\/p>\n<p><a href=\"http:\/\/legisquebec.gouv.qc.ca\/fr\/ShowDoc\/cr\/I-13.3,%20r.%209\" target=\"_blank\" rel=\"noopener\">R\u00e9gime p\u00e9dagogique de la formation g\u00e9n\u00e9rale des adultes<\/a><\/p>\n<p><a href=\"https:\/\/cdn-contenu.quebec.ca\/cdn-contenu\/education\/formation-generale-adultes\/Formation-generale-adultes-services-programmes-etudes.pdf\" class=\"mtli_attachment mtli_pdf\" target=\"_blank\" rel=\"noopener\">Services et programmes d&rsquo;\u00e9tudes &#8211; Formation g\u00e9n\u00e9rale des adultes &#8211; Document administratif<\/a><\/p>\n<p><a href=\"https:\/\/www.education.gouv.qc.ca\/fileadmin\/site_web\/documents\/dpse\/evaluation\/13-4602.pdf\" class=\"mtli_attachment mtli_pdf\" target=\"_blank\" rel=\"noopener\">Politique d&rsquo;\u00e9valuation des apprentissages<\/a><\/p>\n<p><a href=\"https:\/\/cdn-contenu.quebec.ca\/cdn-contenu\/education\/evaluation-epreuves-ministerielles\/Guide-sanction-etudes.pdf\" class=\"mtli_attachment mtli_pdf\" target=\"_blank\" rel=\"noopener\">Guide de gestion de la sanction des \u00e9tudes et des \u00e9preuves minist\u00e9rielles : formation g\u00e9n\u00e9rale des jeunes, formation g\u00e9n\u00e9rale des adultes et formation professionnelle<\/a><\/p>\n<p><strong>Grilles d&rsquo;\u00e9valuation \u00e0 interpr\u00e9tation crit\u00e9rielle (GEIC)<\/strong><\/p>\n<p><a href=\"http:\/\/www.accompagnementfga.ca\/isp\/wp-content\/uploads\/sites\/13\/2016\/04\/ISP-3015-2_GEIC.pdf\" class=\"mtli_attachment mtli_pdf\" target=\"_blank\" rel=\"noopener\">ISP-3015-2_GEIC<\/a>\u00a0 \u00a0 \u00a0 \u00a0 \u00a0\u00a0<a href=\"http:\/\/www.accompagnementfga.ca\/isp\/wp-content\/uploads\/sites\/13\/2016\/04\/SVI-3015-2_CRC.pdf\" class=\"mtli_attachment mtli_pdf\" target=\"_blank\" rel=\"noopener\">SVI-3015-2_CRC<\/a><\/p>\n<p><a href=\"http:\/\/www.accompagnementfga.ca\/isp\/wp-content\/uploads\/sites\/13\/2016\/04\/ISP-3016-3_GEIC.pdf\" class=\"mtli_attachment mtli_pdf\" target=\"_blank\" rel=\"noopener\">ISP-3016-3_GEIC<\/a>\u00a0 \u00a0 \u00a0 \u00a0 \u00a0\u00a0<a href=\"http:\/\/www.accompagnementfga.ca\/isp\/wp-content\/uploads\/sites\/13\/2016\/04\/SVI-3016-3_CRC.pdf\" class=\"mtli_attachment mtli_pdf\" target=\"_blank\" rel=\"noopener\">SVI-3016-3_CRC<\/a><\/p>\n<p><a href=\"http:\/\/www.accompagnementfga.ca\/isp\/wp-content\/uploads\/sites\/13\/2016\/04\/ISP-3017-2_GEIC.pdf\" class=\"mtli_attachment mtli_pdf\" target=\"_blank\" rel=\"noopener\">ISP-3017-2_GEIC<\/a>\u00a0 \u00a0 \u00a0 \u00a0 \u00a0\u00a0<a href=\"http:\/\/www.accompagnementfga.ca\/isp\/wp-content\/uploads\/sites\/13\/2016\/04\/SVI-3017-2_CRC.pdf\" class=\"mtli_attachment mtli_pdf\" target=\"_blank\" rel=\"noopener\">SVI-3017-2_CRC<\/a><\/p>\n<p><a href=\"http:\/\/www.accompagnementfga.ca\/isp\/wp-content\/uploads\/sites\/13\/2016\/04\/ISP-3018-4_GEIC.pdf\" class=\"mtli_attachment mtli_pdf\" target=\"_blank\" rel=\"noopener\">ISP-3018-4_GEIC<\/a>\u00a0 \u00a0 \u00a0 \u00a0 \u00a0\u00a0<a href=\"http:\/\/www.accompagnementfga.ca\/isp\/wp-content\/uploads\/sites\/13\/2016\/04\/SVI-3018-4_CRC.pdf\" class=\"mtli_attachment mtli_pdf\" target=\"_blank\" rel=\"noopener\">SVI-3018-4_CRC<\/a><\/p>\n<p><a href=\"http:\/\/www.accompagnementfga.ca\/isp\/wp-content\/uploads\/sites\/13\/2016\/04\/ISP-3019-3_GEIC.pdf\" class=\"mtli_attachment mtli_pdf\" target=\"_blank\" rel=\"noopener\">ISP-3019-3_GEIC<\/a>\u00a0 \u00a0 \u00a0 \u00a0 \u00a0\u00a0<a href=\"http:\/\/www.accompagnementfga.ca\/isp\/wp-content\/uploads\/sites\/13\/2016\/04\/SVI-3019-3_CRC.pdf\" class=\"mtli_attachment mtli_pdf\" target=\"_blank\" rel=\"noopener\">SVI-3019-3_CRC<\/a><\/p>\n<p><a href=\"http:\/\/www.accompagnementfga.ca\/isp\/wp-content\/uploads\/sites\/13\/2016\/04\/ISP-3020-3_GEIC.pdf\" class=\"mtli_attachment mtli_pdf\" target=\"_blank\" rel=\"noopener\">ISP-3020-3_GEIC<\/a>\u00a0 \u00a0 \u00a0 \u00a0 \u00a0<a href=\"http:\/\/www.accompagnementfga.ca\/isp\/wp-content\/uploads\/sites\/13\/2016\/04\/SVI-3020-3_CRC.pdf\" class=\"mtli_attachment mtli_pdf\" target=\"_blank\" rel=\"noopener\">SVI-3020-3_CRC<\/a><\/p>\n<p><a href=\"http:\/\/www.accompagnementfga.ca\/isp\/wp-content\/uploads\/sites\/13\/2016\/04\/ISP-3021-4_GEIC.pdf\" class=\"mtli_attachment mtli_pdf\" target=\"_blank\" rel=\"noopener\">ISP-3021-4_GEIC<\/a>\u00a0 \u00a0 \u00a0 \u00a0 \u00a0\u00a0<a href=\"http:\/\/www.accompagnementfga.ca\/isp\/wp-content\/uploads\/sites\/13\/2016\/04\/SVI-3021-4_CRC.pdf\" class=\"mtli_attachment mtli_pdf\" target=\"_blank\" rel=\"noopener\">SVI-3021-4_CRC<\/a><\/p>\n<p><a href=\"http:\/\/www.accompagnementfga.ca\/isp\/wp-content\/uploads\/sites\/13\/2016\/04\/ISP-3022-4_GEIC.pdf\" class=\"mtli_attachment mtli_pdf\" target=\"_blank\" rel=\"noopener\">ISP-3022-4_GEIC<\/a>\u00a0 \u00a0 \u00a0 \u00a0 \u00a0\u00a0<a href=\"http:\/\/www.accompagnementfga.ca\/isp\/wp-content\/uploads\/sites\/13\/2016\/04\/SVI-3022-4_CRC.pdf\" class=\"mtli_attachment mtli_pdf\" target=\"_blank\" rel=\"noopener\">SVI-3022-4_CRC<\/a><\/p>\n<p><a href=\"http:\/\/www.accompagnementfga.ca\/isp\/wp-content\/uploads\/sites\/13\/2016\/04\/ISP-3023-5_GEIC.pdf\" class=\"mtli_attachment mtli_pdf\" target=\"_blank\" rel=\"noopener\">ISP-3023-5_GEIC<\/a>\u00a0 \u00a0 \u00a0 \u00a0 \u00a0\u00a0<a href=\"http:\/\/www.accompagnementfga.ca\/isp\/wp-content\/uploads\/sites\/13\/2016\/04\/SVI-3023-5_CRC.pdf\" class=\"mtli_attachment mtli_pdf\" target=\"_blank\" rel=\"noopener\">SVI-3023-5_CRC<\/a><\/p>\n<p><a href=\"http:\/\/www.accompagnementfga.ca\/isp\/wp-content\/uploads\/sites\/13\/2016\/04\/ISP-3024-5_GEIC.pdf\" class=\"mtli_attachment mtli_pdf\" target=\"_blank\" rel=\"noopener\">ISP-3024-5_GEIC<\/a>\u00a0 \u00a0 \u00a0 \u00a0 \u00a0\u00a0<a href=\"http:\/\/www.accompagnementfga.ca\/isp\/wp-content\/uploads\/sites\/13\/2016\/04\/SVI-3024-5_CRC.pdf\" class=\"mtli_attachment mtli_pdf\" target=\"_blank\" rel=\"noopener\">SVI-3024-5_CRC<\/a><\/p>\n<p><a href=\"http:\/\/www.accompagnementfga.ca\/isp\/wp-content\/uploads\/sites\/13\/2016\/04\/ISP-3025-5_GEIC.pdf\" class=\"mtli_attachment mtli_pdf\" target=\"_blank\" rel=\"noopener\">ISP-3025-5_GEIC<\/a>\u00a0 \u00a0 \u00a0 \u00a0 \u00a0\u00a0<a href=\"http:\/\/www.accompagnementfga.ca\/isp\/wp-content\/uploads\/sites\/13\/2016\/04\/SVI-3025-5_CRC.pdf\" class=\"mtli_attachment mtli_pdf\" target=\"_blank\" rel=\"noopener\">SVI-3025-5_CRC<\/a><\/p>\n<p><a href=\"http:\/\/www.accompagnementfga.ca\/isp\/wp-content\/uploads\/sites\/13\/2016\/04\/ISP-3029-2_GEIC.pdf\" class=\"mtli_attachment mtli_pdf\" target=\"_blank\" rel=\"noopener\">ISP-3029-2_GEIC<\/a>\u00a0 \u00a0 \u00a0 \u00a0 \u00a0\u00a0<a href=\"http:\/\/www.accompagnementfga.ca\/isp\/wp-content\/uploads\/sites\/13\/2016\/04\/SVI-3029-2_CRC.pdf\" class=\"mtli_attachment mtli_pdf\" target=\"_blank\" rel=\"noopener\">SVI-3029-2_CRC<\/a><\/p>\n<p><a href=\"http:\/\/www.accompagnementfga.ca\/isp\/wp-content\/uploads\/sites\/13\/2016\/04\/ISP-3030-4_GEIC.pdf\" class=\"mtli_attachment mtli_pdf\" target=\"_blank\" rel=\"noopener\">ISP-3030-4_GEIC<\/a>\u00a0 \u00a0 \u00a0 \u00a0 \u00a0\u00a0<a href=\"http:\/\/www.accompagnementfga.ca\/isp\/wp-content\/uploads\/sites\/13\/2016\/04\/SVI-3030-4_CRC.pdf\" class=\"mtli_attachment mtli_pdf\" target=\"_blank\" rel=\"noopener\">SVI-3030-4_CRC<\/a><\/p>\n<p><a href=\"http:\/\/www.accompagnementfga.ca\/isp\/wp-content\/uploads\/sites\/13\/2016\/04\/ISP-3031-3_GEIC.pdf\" class=\"mtli_attachment mtli_pdf\" target=\"_blank\" rel=\"noopener\">ISP-3031-3_GEIC<\/a>\u00a0 \u00a0 \u00a0 \u00a0 \u00a0\u00a0<a href=\"http:\/\/www.accompagnementfga.ca\/isp\/wp-content\/uploads\/sites\/13\/2016\/04\/SVI-3033-1_CRC.pdf\" class=\"mtli_attachment mtli_pdf\" target=\"_blank\" rel=\"noopener\">SVI-3033-1_CRC<\/a><\/p>\n<p><a href=\"http:\/\/www.accompagnementfga.ca\/isp\/wp-content\/uploads\/sites\/13\/2016\/04\/ISP-3032-4_GEIC.pdf\" class=\"mtli_attachment mtli_pdf\" target=\"_blank\" rel=\"noopener\">ISP-3032-4_GEIC<\/a>\u00a0 \u00a0 \u00a0 \u00a0 \u00a0\u00a0<a href=\"http:\/\/www.accompagnementfga.ca\/isp\/wp-content\/uploads\/sites\/13\/2016\/04\/SVI-3032-4_CRC.pdf\" class=\"mtli_attachment mtli_pdf\" target=\"_blank\" rel=\"noopener\">SVI-3032-4_CRC<\/a><\/p>\n<p><a href=\"http:\/\/www.accompagnementfga.ca\/isp\/wp-content\/uploads\/sites\/13\/2016\/04\/ISP-3033-1_GEIC.pdf\" class=\"mtli_attachment mtli_pdf\" target=\"_blank\" rel=\"noopener\">ISP-3033-1_GEIC<\/a>\u00a0 \u00a0 \u00a0 \u00a0 \u00a0\u00a0<a href=\"http:\/\/www.accompagnementfga.ca\/isp\/wp-content\/uploads\/sites\/13\/2016\/04\/SVI-3033-1_CRC.pdf\" class=\"mtli_attachment mtli_pdf\" target=\"_blank\" rel=\"noopener\">SVI-3033-1_CRC<\/a><\/p>\n<p><a href=\"http:\/\/www.accompagnementfga.ca\/isp\/wp-content\/uploads\/sites\/13\/2016\/04\/ISP-3034-1_GEIC.pdf\" class=\"mtli_attachment mtli_pdf\" target=\"_blank\" rel=\"noopener\">ISP-3034-1_GEIC<\/a>\u00a0 \u00a0 \u00a0 \u00a0 \u00a0\u00a0<a href=\"http:\/\/www.accompagnementfga.ca\/isp\/wp-content\/uploads\/sites\/13\/2016\/04\/SVI-3034-1_CRC.pdf\" class=\"mtli_attachment mtli_pdf\" target=\"_blank\" rel=\"noopener\">SVI-3034-1_CRC<\/a><\/p>\n<p><strong>Autres documents :<\/strong><\/p>\n<p><a href=\"https:\/\/www.cnesst.gouv.qc.ca\/fr\/demarches-formulaires\/employeurs\/dossier-dassurance-lemployeur\/types-protection\/protection-stagiaires#nonpayeqc\" target=\"_blank\" rel=\"noopener\">Protection des stagiaires<\/a><\/p>\n<p><strong>Vid\u00e9os de l&rsquo;\u00c9quipe-choc organisationnelle en ISP<\/strong><\/p>\n<p><a href=\"https:\/\/www.youtube.com\/watch?v=XnWR-1tRAkg\" target=\"_blank\" rel=\"noopener\">L&rsquo;entrevue d&rsquo;\u00e9valuation des besoins en ISP<\/a><\/p>\n<p><a href=\"https:\/\/www.youtube.com\/watch?v=1c93dX-DMPc\" target=\"_blank\" rel=\"noopener\">Le programme d&rsquo;\u00e9tudes ISP<\/a><\/p>\n<p><a href=\"https:\/\/www.youtube.com\/watch?v=kSdTyEvi4Ck&amp;feature=youtu.be\" target=\"_blank\" rel=\"noopener\">Le mat\u00e9riel p\u00e9dagogique<\/a><\/p>\n<p><a href=\"https:\/\/www.youtube.com\/watch?v=nHC2BN2Re08\" target=\"_blank\" rel=\"noopener\">L\u2019\u00e9valuation<\/a>[\/vc_column_text][\/vc_column_inner][\/vc_row_inner][vc_row_inner row_type=\u00a0\u00bbrow\u00a0\u00bb type=\u00a0\u00bbfull_width\u00a0\u00bb use_row_as_full_screen_section_slide=\u00a0\u00bbno\u00a0\u00bb text_align=\u00a0\u00bbleft\u00a0\u00bb css_animation=\u00a0\u00bb\u00a0\u00bb][vc_column_inner width=\u00a0\u00bb1\/2&Prime;][vc_column_text][\/vc_column_text][\/vc_column_inner][vc_column_inner width=\u00a0\u00bb1\/2&Prime;][vc_column_text][\/vc_column_text][\/vc_column_inner][\/vc_row_inner][\/vc_column][\/vc_row]<\/p>\n<\/div>","protected":false},"excerpt":{"rendered":"<p>[vc_row css_animation=\u00a0\u00bb\u00a0\u00bb row_type=\u00a0\u00bbrow\u00a0\u00bb use_row_as_full_screen_section=\u00a0\u00bbno\u00a0\u00bb type=\u00a0\u00bbgrid\u00a0\u00bb text_align=\u00a0\u00bbleft\u00a0\u00bb padding_top=\u00a0\u00bb40&Prime; padding_bottom=\u00a0\u00bb20&Prime; css=\u00a0\u00bb.vc_custom_1486481161194{background-color: #ffffff !important;}\u00a0\u00bb][vc_column][vc_separator type=\u00a0\u00bbtransparent\u00a0\u00bb border_style=\u00a0\u00bb\u00a0\u00bb][vc_row_inner row_type=\u00a0\u00bbrow\u00a0\u00bb type=\u00a0\u00bbfull_width\u00a0\u00bb use_row_as_full_screen_section_slide=\u00a0\u00bbno\u00a0\u00bb text_align=\u00a0\u00bbleft\u00a0\u00bb css_animation=\u00a0\u00bb\u00a0\u00bb][vc_column_inner][vc_column_text][\/vc_column_text][vc_separator type=\u00a0\u00bbtransparent\u00a0\u00bb border_style=\u00a0\u00bb\u00a0\u00bb][vc_column_text][\/vc_column_text][vc_column_text] Documents minist\u00e9riels &nbsp; Programme d&rsquo;\u00e9tudes\u00a0Int\u00e9gration socioprofessionnelle D\u00e9finitions du domaine d&rsquo;\u00e9valuation (DDE) des cours D\u00e9finitions du domaine d\u2019\u00e9valuation (DDE) des cours locaux en ISP ISP-1041-1\u00a0 \u00a0&#8230;<\/p>\n","protected":false},"author":1,"featured_media":0,"parent":0,"menu_order":0,"comment_status":"closed","ping_status":"closed","template":"full_width.php","meta":{"footnotes":"","_links_to":"","_links_to_target":""},"_links":{"self":[{"href":"https:\/\/www.accompagnementfga.ca\/isp\/wp-json\/wp\/v2\/pages\/22571"}],"collection":[{"href":"https:\/\/www.accompagnementfga.ca\/isp\/wp-json\/wp\/v2\/pages"}],"about":[{"href":"https:\/\/www.accompagnementfga.ca\/isp\/wp-json\/wp\/v2\/types\/page"}],"author":[{"embeddable":true,"href":"https:\/\/www.accompagnementfga.ca\/isp\/wp-json\/wp\/v2\/users\/1"}],"replies":[{"embeddable":true,"href":"https:\/\/www.accompagnementfga.ca\/isp\/wp-json\/wp\/v2\/comments?post=22571"}],"version-history":[{"count":37,"href":"https:\/\/www.accompagnementfga.ca\/isp\/wp-json\/wp\/v2\/pages\/22571\/revisions"}],"predecessor-version":[{"id":23297,"href":"https:\/\/www.accompagnementfga.ca\/isp\/wp-json\/wp\/v2\/pages\/22571\/revisions\/23297"}],"wp:attachment":[{"href":"https:\/\/www.accompagnementfga.ca\/isp\/wp-json\/wp\/v2\/media?parent=22571"}],"curies":[{"name":"wp","href":"https:\/\/api.w.org\/{rel}","templated":true}]}}