{"id":23537,"date":"2022-04-25T19:05:56","date_gmt":"2022-04-25T23:05:56","guid":{"rendered":"http:\/\/www.accompagnementfga.ca\/histoireduquebecetducanada\/?page_id=23537"},"modified":"2022-06-27T12:53:23","modified_gmt":"2022-06-27T16:53:23","slug":"formation-octobre-2021","status":"publish","type":"page","link":"https:\/\/www.accompagnementfga.ca\/histoireduquebecetducanada\/formation-octobre-2021\/","title":{"rendered":"Formation (octobre 2021)"},"content":{"rendered":"<div class=\"wpb-content-wrapper\"><p>[vc_row row_type=\u00a0\u00bbrow\u00a0\u00bb use_row_as_full_screen_section=\u00a0\u00bbno\u00a0\u00bb type=\u00a0\u00bbfull_width\u00a0\u00bb text_align=\u00a0\u00bbleft\u00a0\u00bb css_animation=\u00a0\u00bb\u00a0\u00bb][vc_column][vc_column_text]Formation d\u2019octobre 2021 en HISTOIRE DU QU\u00c9BEC ET DU CANADA<\/p>\n<p>S\u2019adressant \u00e0 la fois au personnel enseignant en univers social et au personnel de conseillance p\u00e9dagogique, cette formation sur le programme d\u2019\u00e9tudes<em> Histoire du Qu\u00e9bec et du Canada<\/em> vise \u00e0 permettre aux personnes participantes de s\u2019approprier ce programme d\u2019\u00e9tudes et de se familiariser avec les instruments d\u2019\u00e9valuation.<\/p>\n<p>Dans un premier temps, nous pr\u00e9sentons les \u00e9l\u00e9ments cl\u00e9s du programme d\u2019\u00e9tudes pour mieux comprendre les comp\u00e9tences disciplinaires, la structure des cours et le contenu disciplinaire. Dans un deuxi\u00e8me temps, nous pr\u00e9sentons des pistes pour vous permettre de vous approprier les principaux \u00e9l\u00e9ments de l\u2019\u00e9valuation des apprentissages, soit les crit\u00e8res d\u2019\u00e9valuation et les outils d\u2019\u00e9valuation. Finalement, nous vous proposons une strat\u00e9gie pour aborder l\u2019\u00e9tude des dossiers documentaires avec les adultes\u00a0: la phrase histoire.[\/vc_column_text][\/vc_column][\/vc_row][vc_row row_type=\u00a0\u00bbrow\u00a0\u00bb use_row_as_full_screen_section=\u00a0\u00bbno\u00a0\u00bb type=\u00a0\u00bbfull_width\u00a0\u00bb text_align=\u00a0\u00bbleft\u00a0\u00bb css_animation=\u00a0\u00bb\u00a0\u00bb][vc_column][vc_empty_space][\/vc_column][\/vc_row][vc_row row_type=\u00a0\u00bbrow\u00a0\u00bb use_row_as_full_screen_section=\u00a0\u00bbno\u00a0\u00bb type=\u00a0\u00bbfull_width\u00a0\u00bb text_align=\u00a0\u00bbleft\u00a0\u00bb css_animation=\u00a0\u00bb\u00a0\u00bb][vc_column][vc_raw_html]JTBBJTBBJTNDaWZyYW1lJTIwd2lkdGglM0QlMjI1NjAlMjIlMjBoZWlnaHQlM0QlMjIzMTUlMjIlMjBzcmMlM0QlMjJodHRwcyUzQSUyRiUyRnd3dy55b3V0dWJlLmNvbSUyRmVtYmVkJTJGTmdlM0RBQndmTUklMjIlMjB0aXRsZSUzRCUyMllvdVR1YmUlMjB2aWRlbyUyMHBsYXllciUyMiUyMGZyYW1lYm9yZGVyJTNEJTIyMCUyMiUyMGFsbG93JTNEJTIyYWNjZWxlcm9tZXRlciUzQiUyMGF1dG9wbGF5JTNCJTIwY2xpcGJvYXJkLXdyaXRlJTNCJTIwZW5jcnlwdGVkLW1lZGlhJTNCJTIwZ3lyb3Njb3BlJTNCJTIwcGljdHVyZS1pbi1waWN0dXJlJTIyJTIwYWxsb3dmdWxsc2NyZWVuJTNFJTNDJTJGaWZyYW1lJTNF[\/vc_raw_html][\/vc_column][\/vc_row][vc_row row_type=\u00a0\u00bbrow\u00a0\u00bb use_row_as_full_screen_section=\u00a0\u00bbno\u00a0\u00bb type=\u00a0\u00bbfull_width\u00a0\u00bb text_align=\u00a0\u00bbleft\u00a0\u00bb css_animation=\u00a0\u00bb\u00a0\u00bb][vc_column][vc_empty_space][\/vc_column][\/vc_row][vc_row row_type=\u00a0\u00bbrow\u00a0\u00bb use_row_as_full_screen_section=\u00a0\u00bbno\u00a0\u00bb type=\u00a0\u00bbfull_width\u00a0\u00bb text_align=\u00a0\u00bbleft\u00a0\u00bb css_animation=\u00a0\u00bb\u00a0\u00bb][vc_column][vc_column_text]<a href=\"http:\/\/www.accompagnementfga.ca\/histoireduquebecetducanada\/wp-content\/uploads\/sites\/33\/2022\/06\/Pr\u00e9sentation_Formation_HQC_29-octobre-2021_Carrefour-FGA.pdf\" class=\"mtli_attachment mtli_pdf\">Pr\u00e9sentation_Formation_HQC_29 octobre 2021_PDF<\/a>[\/vc_column_text][\/vc_column][\/vc_row]<\/p>\n<\/div>","protected":false},"excerpt":{"rendered":"<p>[vc_row row_type=\u00a0\u00bbrow\u00a0\u00bb use_row_as_full_screen_section=\u00a0\u00bbno\u00a0\u00bb type=\u00a0\u00bbfull_width\u00a0\u00bb text_align=\u00a0\u00bbleft\u00a0\u00bb css_animation=\u00a0\u00bb\u00a0\u00bb][vc_column][vc_column_text]Formation d\u2019octobre 2021 en HISTOIRE DU QU\u00c9BEC ET DU CANADA S\u2019adressant \u00e0 la fois au personnel enseignant en univers social et au personnel de conseillance p\u00e9dagogique, cette formation sur le programme d\u2019\u00e9tudes Histoire du Qu\u00e9bec et du Canada vise \u00e0&#8230;<\/p>\n","protected":false},"author":11,"featured_media":0,"parent":0,"menu_order":0,"comment_status":"closed","ping_status":"closed","template":"","meta":{"footnotes":"","_links_to":"","_links_to_target":""},"_links":{"self":[{"href":"https:\/\/www.accompagnementfga.ca\/histoireduquebecetducanada\/wp-json\/wp\/v2\/pages\/23537"}],"collection":[{"href":"https:\/\/www.accompagnementfga.ca\/histoireduquebecetducanada\/wp-json\/wp\/v2\/pages"}],"about":[{"href":"https:\/\/www.accompagnementfga.ca\/histoireduquebecetducanada\/wp-json\/wp\/v2\/types\/page"}],"author":[{"embeddable":true,"href":"https:\/\/www.accompagnementfga.ca\/histoireduquebecetducanada\/wp-json\/wp\/v2\/users\/11"}],"replies":[{"embeddable":true,"href":"https:\/\/www.accompagnementfga.ca\/histoireduquebecetducanada\/wp-json\/wp\/v2\/comments?post=23537"}],"version-history":[{"count":10,"href":"https:\/\/www.accompagnementfga.ca\/histoireduquebecetducanada\/wp-json\/wp\/v2\/pages\/23537\/revisions"}],"predecessor-version":[{"id":23558,"href":"https:\/\/www.accompagnementfga.ca\/histoireduquebecetducanada\/wp-json\/wp\/v2\/pages\/23537\/revisions\/23558"}],"wp:attachment":[{"href":"https:\/\/www.accompagnementfga.ca\/histoireduquebecetducanada\/wp-json\/wp\/v2\/media?parent=23537"}],"curies":[{"name":"wp","href":"https:\/\/api.w.org\/{rel}","templated":true}]}}