{"id":23306,"date":"2020-01-30T19:49:09","date_gmt":"2020-01-30T23:49:09","guid":{"rendered":"http:\/\/www.accompagnementfga.ca\/histoireduquebecetducanada\/evaluation_des_apprentissages-copy\/"},"modified":"2022-03-12T16:19:41","modified_gmt":"2022-03-12T20:19:41","slug":"rencontre_nationale","status":"publish","type":"page","link":"https:\/\/www.accompagnementfga.ca\/histoireduquebecetducanada\/rencontre_nationale\/","title":{"rendered":"Rencontre nationale (janvier 2019)"},"content":{"rendered":"<div class=\"wpb-content-wrapper\"><p>[vc_row row_type=\u00a0\u00bbrow\u00a0\u00bb use_row_as_full_screen_section=\u00a0\u00bbno\u00a0\u00bb type=\u00a0\u00bbgrid\u00a0\u00bb text_align=\u00a0\u00bbleft\u00a0\u00bb background_color=\u00a0\u00bb#ffffff\u00a0\u00bb padding_top=\u00a0\u00bb100&Prime; padding_bottom=\u00a0\u00bb50&Prime; css_animation=\u00a0\u00bb\u00a0\u00bb][vc_column width=\u00a0\u00bb1\/6&Prime;][vc_empty_space height=\u00a0\u00bb320&Prime;]<div class='q_icon_with_title   center'><div class=\"icon_holder \" style=\" \"><div class=\"icon_holder_inner\"><span class=\"q_font_elegant_holder  \" style=\"font-size: 30px;\"><span class=\"icon_text_icon q_font_elegant_icon icon_documents_alt\" aria-hidden=\"true\" style=\"font-size: 30px;\"><\/span><\/span><\/div><\/div><div class=\"icon_text_holder\" style=\"\"><div class=\"icon_text_inner\" style=\"\"><h4 class=\"icon_title\" style=\"\"><\/h4><p style=''><\/p><\/div><\/div><\/div>[vc_empty_space height=\u00a0\u00bb150&Prime;][\/vc_column][vc_column width=\u00a0\u00bb2\/3&Prime;][vc_column_text]<\/p>\n<p style=\"text-align: justify\">L\u2019atelier offert par la direction de l\u2019\u00e9ducation des adultes et de la formation continue du minist\u00e8re de l\u2019\u00c9ducation et de l\u2019enseignement sup\u00e9rieur sera l\u2019occasion pour les participants de se familiariser avec le nouveau programme d\u2019\u00e9tudes de la formation g\u00e9n\u00e9rale des adultes <em>Histoire du Qu\u00e9bec et du Canada<\/em>.<\/p>\n<p style=\"text-align: justify\">Le propos s\u2019articulera autour de quatre \u00e9l\u00e9ments particuliers, soit la pr\u00e9sentation de l\u2019esprit du programme, l\u2019explicitation des comp\u00e9tences disciplinaires et l\u2019exemplification de leur mise en \u0153uvre, la pr\u00e9cision du contenu de formation et, finalement, la d\u00e9finition du domaine d\u2019\u00e9valuation. L\u2019essentiel consistera \u00e0 donner une compr\u00e9hension g\u00e9n\u00e9rale du programme d\u2019\u00e9tudes et \u00e0 fournir les cl\u00e9s de lecture permettant l\u2019approfondissement de cette compr\u00e9hension.<\/p>\n<h6 style=\"text-align: justify\"><span style=\"color: #000000;font-family: Calibri\">Tous les documents et les grilles d\u2019\u00e9valuation pr\u00e9sent\u00e9s lors de cette formation ont \u00e9t\u00e9 \u00e9labor\u00e9s uniquement aux fins de cette pr\u00e9sentation.<\/span><\/h6>\n<h4>\u00a0[vc_separator type=&rsquo;normal&rsquo; position=&rsquo;center&rsquo; color=&rsquo;#000000&prime; border_style=&rsquo;solid&rsquo; thickness=\u00a0\u00bb up=\u00a0\u00bb down=\u00a0\u00bb]<\/h4>\n<p>&nbsp;<\/p>\n<h4>Documents d&rsquo;accompagnement<\/h4>\n<p>&nbsp;<\/p>\n<p>Pr\u00e9sentation de la formation<\/p>\n<p><a href=\"http:\/\/www.accompagnementfga.ca\/histoireduquebecetducanada\/wp-content\/uploads\/sites\/33\/2020\/01\/PPT_Janvier-2019_Rencontre-nationale.pdf\" class=\"mtli_attachment mtli_pdf\">Rencontre nationale 2019<\/a>\u00a0(version pdf)[\/vc_column_text][vc_separator type=\u00a0\u00bbtransparent\u00a0\u00bb border_style=\u00a0\u00bb\u00a0\u00bb thickness=\u00a0\u00bb1&Prime; up=\u00a0\u00bb7&Prime; down=\u00a0\u00bb0&Prime;][\/vc_column][vc_column width=\u00a0\u00bb1\/6&Prime;][\/vc_column][\/vc_row][vc_row row_type=\u00a0\u00bbrow\u00a0\u00bb use_row_as_full_screen_section=\u00a0\u00bbno\u00a0\u00bb type=\u00a0\u00bbfull_width\u00a0\u00bb text_align=\u00a0\u00bbleft\u00a0\u00bb background_color=\u00a0\u00bb#f5f5f5&Prime; css_animation=\u00a0\u00bb\u00a0\u00bb][vc_column][vc_row_inner row_type=\u00a0\u00bbrow\u00a0\u00bb type=\u00a0\u00bbgrid\u00a0\u00bb use_row_as_full_screen_section_slide=\u00a0\u00bbno\u00a0\u00bb text_align=\u00a0\u00bbleft\u00a0\u00bb padding_top=\u00a0\u00bb50&Prime; padding_bottom=\u00a0\u00bb50&Prime; css_animation=\u00a0\u00bb\u00a0\u00bb][vc_column_inner width=\u00a0\u00bb1\/3&Prime;][vc_separator type=\u00a0\u00bbtransparent\u00a0\u00bb border_style=\u00a0\u00bb\u00a0\u00bb thickness=\u00a0\u00bb1&Prime; up=\u00a0\u00bb7&Prime; down=\u00a0\u00bb0&Prime;][vc_separator type=\u00a0\u00bbtransparent\u00a0\u00bb border_style=\u00a0\u00bb\u00a0\u00bb thickness=\u00a0\u00bb1&Prime; up=\u00a0\u00bb20&Prime; down=\u00a0\u00bb0&Prime;][vc_separator type=\u00a0\u00bbtransparent\u00a0\u00bb border_style=\u00a0\u00bb\u00a0\u00bb thickness=\u00a0\u00bb1&Prime; up=\u00a0\u00bb7&Prime; down=\u00a0\u00bb0&Prime;][vc_separator type=\u00a0\u00bbtransparent\u00a0\u00bb border_style=\u00a0\u00bb\u00a0\u00bb thickness=\u00a0\u00bb1&Prime; up=\u00a0\u00bb7&Prime; down=\u00a0\u00bb0&Prime;][vc_separator type=\u00a0\u00bbtransparent\u00a0\u00bb border_style=\u00a0\u00bb\u00a0\u00bb thickness=\u00a0\u00bb1&Prime; up=\u00a0\u00bb7&Prime; down=\u00a0\u00bb0&Prime;][vc_separator type=\u00a0\u00bbtransparent\u00a0\u00bb border_style=\u00a0\u00bb\u00a0\u00bb thickness=\u00a0\u00bb1&Prime; up=\u00a0\u00bb7&Prime; down=\u00a0\u00bb0&Prime;][vc_separator type=\u00a0\u00bbtransparent\u00a0\u00bb border_style=\u00a0\u00bb\u00a0\u00bb thickness=\u00a0\u00bb1&Prime; up=\u00a0\u00bb7&Prime; down=\u00a0\u00bb0&Prime;][vc_separator type=\u00a0\u00bbtransparent\u00a0\u00bb border_style=\u00a0\u00bb\u00a0\u00bb thickness=\u00a0\u00bb1&Prime; up=\u00a0\u00bb7&Prime; down=\u00a0\u00bb0&Prime;][\/vc_column_inner][\/vc_row_inner][vc_separator type=\u00a0\u00bbtransparent\u00a0\u00bb border_style=\u00a0\u00bb\u00a0\u00bb thickness=\u00a0\u00bb1&Prime; up=\u00a0\u00bb7&Prime; down=\u00a0\u00bb0&Prime;][\/vc_column][\/vc_row]<\/p>\n<\/div>","protected":false},"excerpt":{"rendered":"<p>[vc_row row_type=\u00a0\u00bbrow\u00a0\u00bb use_row_as_full_screen_section=\u00a0\u00bbno\u00a0\u00bb type=\u00a0\u00bbgrid\u00a0\u00bb text_align=\u00a0\u00bbleft\u00a0\u00bb background_color=\u00a0\u00bb#ffffff\u00a0\u00bb padding_top=\u00a0\u00bb100&Prime; padding_bottom=\u00a0\u00bb50&Prime; css_animation=\u00a0\u00bb\u00a0\u00bb][vc_column width=\u00a0\u00bb1\/6&Prime;][vc_empty_space height=\u00a0\u00bb320&Prime;][vc_empty_space height=\u00a0\u00bb150&Prime;][\/vc_column][vc_column width=\u00a0\u00bb2\/3&Prime;][vc_column_text] L\u2019atelier offert par la direction de l\u2019\u00e9ducation des adultes et de la formation continue du minist\u00e8re de l\u2019\u00c9ducation et de l\u2019enseignement sup\u00e9rieur sera l\u2019occasion pour les participants de se familiariser avec le&#8230;<\/p>\n","protected":false},"author":1,"featured_media":0,"parent":0,"menu_order":0,"comment_status":"closed","ping_status":"closed","template":"full_width.php","meta":{"footnotes":"","_links_to":"","_links_to_target":""},"_links":{"self":[{"href":"https:\/\/www.accompagnementfga.ca\/histoireduquebecetducanada\/wp-json\/wp\/v2\/pages\/23306"}],"collection":[{"href":"https:\/\/www.accompagnementfga.ca\/histoireduquebecetducanada\/wp-json\/wp\/v2\/pages"}],"about":[{"href":"https:\/\/www.accompagnementfga.ca\/histoireduquebecetducanada\/wp-json\/wp\/v2\/types\/page"}],"author":[{"embeddable":true,"href":"https:\/\/www.accompagnementfga.ca\/histoireduquebecetducanada\/wp-json\/wp\/v2\/users\/1"}],"replies":[{"embeddable":true,"href":"https:\/\/www.accompagnementfga.ca\/histoireduquebecetducanada\/wp-json\/wp\/v2\/comments?post=23306"}],"version-history":[{"count":5,"href":"https:\/\/www.accompagnementfga.ca\/histoireduquebecetducanada\/wp-json\/wp\/v2\/pages\/23306\/revisions"}],"predecessor-version":[{"id":23327,"href":"https:\/\/www.accompagnementfga.ca\/histoireduquebecetducanada\/wp-json\/wp\/v2\/pages\/23306\/revisions\/23327"}],"wp:attachment":[{"href":"https:\/\/www.accompagnementfga.ca\/histoireduquebecetducanada\/wp-json\/wp\/v2\/media?parent=23306"}],"curies":[{"name":"wp","href":"https:\/\/api.w.org\/{rel}","templated":true}]}}