{"id":23285,"date":"2020-01-24T18:33:05","date_gmt":"2020-01-24T22:33:05","guid":{"rendered":"http:\/\/www.accompagnementfga.ca\/histoireduquebecetducanada\/soutiller-pour-evaluer-copy-copy\/"},"modified":"2022-03-12T16:21:12","modified_gmt":"2022-03-12T20:21:12","slug":"evaluation_des_apprentissages","status":"publish","type":"page","link":"https:\/\/www.accompagnementfga.ca\/histoireduquebecetducanada\/evaluation_des_apprentissages\/","title":{"rendered":"Session de formation  (printemps 2019)"},"content":{"rendered":"<div class=\"wpb-content-wrapper\"><p>[vc_row row_type=\u00a0\u00bbrow\u00a0\u00bb use_row_as_full_screen_section=\u00a0\u00bbno\u00a0\u00bb type=\u00a0\u00bbgrid\u00a0\u00bb text_align=\u00a0\u00bbleft\u00a0\u00bb background_color=\u00a0\u00bb#ffffff\u00a0\u00bb padding_top=\u00a0\u00bb100&Prime; padding_bottom=\u00a0\u00bb50&Prime; css_animation=\u00a0\u00bb\u00a0\u00bb][vc_column width=\u00a0\u00bb1\/6&Prime;][vc_empty_space height=\u00a0\u00bb440&Prime;]<div class='q_icon_with_title   center'><div class=\"icon_holder \" style=\" \"><div class=\"icon_holder_inner\"><span class=\"q_font_elegant_holder  \" style=\"font-size: 30px;\"><span class=\"icon_text_icon q_font_elegant_icon icon_documents_alt\" aria-hidden=\"true\" style=\"font-size: 30px;\"><\/span><\/span><\/div><\/div><div class=\"icon_text_holder\" style=\"\"><div class=\"icon_text_inner\" style=\"\"><h4 class=\"icon_title\" style=\"\"><\/h4><p style=''><\/p><\/div><\/div><\/div>[vc_empty_space height=\u00a0\u00bb175&Prime;]<div class='q_icon_with_title   center'><div class=\"icon_holder \" style=\" \"><div class=\"icon_holder_inner\"><span class=\"q_font_elegant_holder  \" style=\"font-size: 30px;\"><span class=\"icon_text_icon q_font_elegant_icon icon_documents_alt\" aria-hidden=\"true\" style=\"font-size: 30px;\"><\/span><\/span><\/div><\/div><div class=\"icon_text_holder\" style=\"\"><div class=\"icon_text_inner\" style=\"\"><h4 class=\"icon_title\" style=\"\"><\/h4><p style=''><\/p><\/div><\/div><\/div>[\/vc_column][vc_column width=\u00a0\u00bb2\/3&Prime;][vc_column_text]L\u2019\u00e9valuation des apprentissages<\/p>\n<p>Cet atelier sera l\u2019occasion pour les participantes et participants de se familiariser avec les crit\u00e8res d\u2019\u00e9valuation de ce nouveau programme d\u2019\u00e9tudes.<\/p>\n<p>Les objectifs de l\u2019atelier<\/p>\n<ul>\n<li>Soulever les principaux enjeux relatifs \u00e0 l\u2019\u00e9valuation des apprentissages en \u00e9ducation<\/li>\n<li>Se donner une compr\u00e9hension commune des objets d\u2019apprentissage et d\u2019\u00e9valuation du programme d\u2019\u00e9tudes <em>Histoire du Qu\u00e9bec et du Canada<\/em><\/li>\n<li>Se familiariser avec les instruments d\u2019\u00e9valuation sugg\u00e9r\u00e9s dans la <em>D\u00e9finition du domaine d\u2019\u00e9valuation<\/em> et dans les \u00e9preuves de fin de cours.<\/li>\n<\/ul>\n<h6 style=\"text-align: justify\"><span style=\"color: #000000;font-family: Calibri\">Tous les documents et les grilles d\u2019\u00e9valuation pr\u00e9sent\u00e9s lors de cette formation ont \u00e9t\u00e9 \u00e9labor\u00e9s uniquement aux fins de cette pr\u00e9sentation.<\/span><\/h6>\n<h4>\u00a0[vc_separator type=&rsquo;normal&rsquo; position=&rsquo;center&rsquo; color=&rsquo;#000000&prime; border_style=&rsquo;solid&rsquo; thickness=\u00a0\u00bb up=\u00a0\u00bb down=\u00a0\u00bb]<\/h4>\n<p>&nbsp;<\/p>\n<h4><\/h4>\n<h4><span style=\"color: #000000\"><strong>Version fran\u00e7aise<\/strong><\/span><\/h4>\n<p>&nbsp;<\/p>\n<h4><\/h4>\n<h4>Documents d&rsquo;accompagnement<\/h4>\n<p>&nbsp;<\/p>\n<p>Pr\u00e9sentation de la formation<\/p>\n<p><a href=\"http:\/\/www.accompagnementfga.ca\/histoireduquebecetducanada\/wp-content\/uploads\/sites\/33\/2020\/01\/PPT_Evaluation-des-apprentissages_printemps_2019_20211112.pdf\" class=\"mtli_attachment mtli_pdf\">\u00c9valuation des apprentissages<\/a>\u00a0(version pdf)<\/p>\n<p>&nbsp;<\/p>\n<h4><span style=\"color: #000000\"><strong>English version<\/strong><\/span><\/h4>\n<p>&nbsp;<\/p>\n<h4>Accompanying documents<\/h4>\n<p>&nbsp;<\/p>\n<p>Workshop presentation<\/p>\n<p><a href=\"http:\/\/www.accompagnementfga.ca\/histoireduquebecetducanada\/wp-content\/uploads\/sites\/33\/2020\/01\/ANG_PPT_Evaluation-des-apprentissages_printemps_2019_20211112.pdf\" class=\"mtli_attachment mtli_pdf\">Evaluation of learning<\/a>\u00a0(version pdf)<\/p>\n<p>[\/vc_column_text][vc_separator type=\u00a0\u00bbtransparent\u00a0\u00bb border_style=\u00a0\u00bb\u00a0\u00bb thickness=\u00a0\u00bb1&Prime; up=\u00a0\u00bb7&Prime; down=\u00a0\u00bb0&Prime;][\/vc_column][vc_column width=\u00a0\u00bb1\/6&Prime;][\/vc_column][\/vc_row][vc_row row_type=\u00a0\u00bbrow\u00a0\u00bb use_row_as_full_screen_section=\u00a0\u00bbno\u00a0\u00bb type=\u00a0\u00bbfull_width\u00a0\u00bb text_align=\u00a0\u00bbleft\u00a0\u00bb background_color=\u00a0\u00bb#f5f5f5&Prime; css_animation=\u00a0\u00bb\u00a0\u00bb][vc_column][vc_row_inner row_type=\u00a0\u00bbrow\u00a0\u00bb type=\u00a0\u00bbgrid\u00a0\u00bb use_row_as_full_screen_section_slide=\u00a0\u00bbno\u00a0\u00bb text_align=\u00a0\u00bbleft\u00a0\u00bb padding_top=\u00a0\u00bb50&Prime; padding_bottom=\u00a0\u00bb50&Prime; css_animation=\u00a0\u00bb\u00a0\u00bb][vc_column_inner width=\u00a0\u00bb1\/3&Prime;][vc_separator type=\u00a0\u00bbtransparent\u00a0\u00bb border_style=\u00a0\u00bb\u00a0\u00bb thickness=\u00a0\u00bb1&Prime; up=\u00a0\u00bb7&Prime; down=\u00a0\u00bb0&Prime;][vc_separator type=\u00a0\u00bbtransparent\u00a0\u00bb border_style=\u00a0\u00bb\u00a0\u00bb thickness=\u00a0\u00bb1&Prime; up=\u00a0\u00bb20&Prime; down=\u00a0\u00bb0&Prime;][vc_separator type=\u00a0\u00bbtransparent\u00a0\u00bb border_style=\u00a0\u00bb\u00a0\u00bb thickness=\u00a0\u00bb1&Prime; up=\u00a0\u00bb7&Prime; down=\u00a0\u00bb0&Prime;][vc_separator type=\u00a0\u00bbtransparent\u00a0\u00bb border_style=\u00a0\u00bb\u00a0\u00bb thickness=\u00a0\u00bb1&Prime; up=\u00a0\u00bb7&Prime; down=\u00a0\u00bb0&Prime;][vc_separator type=\u00a0\u00bbtransparent\u00a0\u00bb border_style=\u00a0\u00bb\u00a0\u00bb thickness=\u00a0\u00bb1&Prime; up=\u00a0\u00bb7&Prime; down=\u00a0\u00bb0&Prime;][vc_separator type=\u00a0\u00bbtransparent\u00a0\u00bb border_style=\u00a0\u00bb\u00a0\u00bb thickness=\u00a0\u00bb1&Prime; up=\u00a0\u00bb7&Prime; down=\u00a0\u00bb0&Prime;][vc_separator type=\u00a0\u00bbtransparent\u00a0\u00bb border_style=\u00a0\u00bb\u00a0\u00bb thickness=\u00a0\u00bb1&Prime; up=\u00a0\u00bb7&Prime; down=\u00a0\u00bb0&Prime;][vc_separator type=\u00a0\u00bbtransparent\u00a0\u00bb border_style=\u00a0\u00bb\u00a0\u00bb thickness=\u00a0\u00bb1&Prime; up=\u00a0\u00bb7&Prime; down=\u00a0\u00bb0&Prime;][\/vc_column_inner][\/vc_row_inner][vc_separator type=\u00a0\u00bbtransparent\u00a0\u00bb border_style=\u00a0\u00bb\u00a0\u00bb thickness=\u00a0\u00bb1&Prime; up=\u00a0\u00bb7&Prime; down=\u00a0\u00bb0&Prime;][\/vc_column][\/vc_row]<\/p>\n<\/div>","protected":false},"excerpt":{"rendered":"<p>[vc_row row_type=\u00a0\u00bbrow\u00a0\u00bb use_row_as_full_screen_section=\u00a0\u00bbno\u00a0\u00bb type=\u00a0\u00bbgrid\u00a0\u00bb text_align=\u00a0\u00bbleft\u00a0\u00bb background_color=\u00a0\u00bb#ffffff\u00a0\u00bb padding_top=\u00a0\u00bb100&Prime; padding_bottom=\u00a0\u00bb50&Prime; css_animation=\u00a0\u00bb\u00a0\u00bb][vc_column width=\u00a0\u00bb1\/6&Prime;][vc_empty_space height=\u00a0\u00bb440&Prime;][vc_empty_space height=\u00a0\u00bb175&Prime;][\/vc_column][vc_column width=\u00a0\u00bb2\/3&Prime;][vc_column_text]L\u2019\u00e9valuation des apprentissages Cet atelier sera l\u2019occasion pour les participantes et participants de se familiariser avec les crit\u00e8res d\u2019\u00e9valuation de ce nouveau programme d\u2019\u00e9tudes. Les objectifs de l\u2019atelier Soulever les principaux enjeux relatifs&#8230;<\/p>\n","protected":false},"author":1,"featured_media":0,"parent":0,"menu_order":0,"comment_status":"closed","ping_status":"closed","template":"full_width.php","meta":{"footnotes":"","_links_to":"","_links_to_target":""},"_links":{"self":[{"href":"https:\/\/www.accompagnementfga.ca\/histoireduquebecetducanada\/wp-json\/wp\/v2\/pages\/23285"}],"collection":[{"href":"https:\/\/www.accompagnementfga.ca\/histoireduquebecetducanada\/wp-json\/wp\/v2\/pages"}],"about":[{"href":"https:\/\/www.accompagnementfga.ca\/histoireduquebecetducanada\/wp-json\/wp\/v2\/types\/page"}],"author":[{"embeddable":true,"href":"https:\/\/www.accompagnementfga.ca\/histoireduquebecetducanada\/wp-json\/wp\/v2\/users\/1"}],"replies":[{"embeddable":true,"href":"https:\/\/www.accompagnementfga.ca\/histoireduquebecetducanada\/wp-json\/wp\/v2\/comments?post=23285"}],"version-history":[{"count":15,"href":"https:\/\/www.accompagnementfga.ca\/histoireduquebecetducanada\/wp-json\/wp\/v2\/pages\/23285\/revisions"}],"predecessor-version":[{"id":23522,"href":"https:\/\/www.accompagnementfga.ca\/histoireduquebecetducanada\/wp-json\/wp\/v2\/pages\/23285\/revisions\/23522"}],"wp:attachment":[{"href":"https:\/\/www.accompagnementfga.ca\/histoireduquebecetducanada\/wp-json\/wp\/v2\/media?parent=23285"}],"curies":[{"name":"wp","href":"https:\/\/api.w.org\/{rel}","templated":true}]}}