{"id":22772,"date":"2016-12-12T20:38:04","date_gmt":"2016-12-12T19:38:04","guid":{"rendered":"http:\/\/www.accompagnementfga.ca\/histoireduquebecetducanada\/accueil-copy\/"},"modified":"2020-01-29T21:24:42","modified_gmt":"2020-01-30T01:24:42","slug":"programmes-c","status":"publish","type":"page","link":"https:\/\/www.accompagnementfga.ca\/histoireduquebecetducanada\/","title":{"rendered":"Programmes C"},"content":{"rendered":"<div class=\"wpb-content-wrapper\"><p>[vc_row row_type=\u00a0\u00bbrow\u00a0\u00bb use_row_as_full_screen_section=\u00a0\u00bbno\u00a0\u00bb type=\u00a0\u00bbfull_width\u00a0\u00bb text_align=\u00a0\u00bbleft\u00a0\u00bb background_color=\u00a0\u00bb#ffffff\u00a0\u00bb css_animation=\u00a0\u00bb\u00a0\u00bb][vc_column][vc_row_inner row_type=\u00a0\u00bbrow\u00a0\u00bb type=\u00a0\u00bbgrid\u00a0\u00bb use_row_as_full_screen_section_slide=\u00a0\u00bbno\u00a0\u00bb text_align=\u00a0\u00bbleft\u00a0\u00bb background_color=\u00a0\u00bb#ffffff\u00a0\u00bb padding_top=\u00a0\u00bb80&Prime; padding_bottom=\u00a0\u00bb80&Prime; css_animation=\u00a0\u00bb\u00a0\u00bb][vc_column_inner][vc_separator type=\u00a0\u00bbtransparent\u00a0\u00bb border_style=\u00a0\u00bb\u00a0\u00bb up=\u00a0\u00bb40&Prime; down=\u00a0\u00bb0&Prime;][vc_column_text]<\/p>\n<div class=\"wpb_text_column wpb_content_element \">\n<div class=\"wpb_wrapper\">\n<h4>BIENVENUE SUR LE SITE D\u2019ACCOMPAGNEMENT<\/h4>\n<\/div>\n<\/div>\n<p>[\/vc_column_text][vc_column_text]<\/p>\n<h3>UNIVERS SOCIAL<\/h3>\n<h2>Histoire du Qu\u00e9bec et du Canada<\/h2>\n<p>[\/vc_column_text][vc_separator type=\u00a0\u00bbtransparent\u00a0\u00bb border_style=\u00a0\u00bb\u00a0\u00bb up=\u00a0\u00bb40&Prime; down=\u00a0\u00bb0&Prime;][vc_column_text]<\/p>\n<p style=\"text-align: justify\">L\u2019histoire en tant que discipline trouve ses fondements dans la science historique. Elle favorise chez l\u2019adulte le d\u00e9veloppement de la pens\u00e9e historique, soit un ensemble d\u2019habilet\u00e9s intellectuelles qui permettent la mise \u00e0 distance du pass\u00e9 et le recours \u00e0 une m\u00e9thode d\u2019analyse critique, la m\u00e9thode historique. En \u00e9tudiant les faits du pass\u00e9, qu\u2019il \u00e9tablisse lui-m\u00eame ces faits ou qu\u2019ils lui soient transmis, l\u2019adulte saisit l\u2019importance de situer les exp\u00e9riences ant\u00e9rieures dans leur contexte. La pens\u00e9e historique affine l\u2019esprit critique de l\u2019adulte; elle d\u00e9veloppe la rigueur intellectuelle en l\u2019outillant cons\u00e9quemment pour la d\u00e9lib\u00e9ration sur des probl\u00e8mes contemporains et la participation sociale.<\/p>\n<p>Le programme d\u2019\u00e9tudes <em>Histoire du Qu\u00e9bec et du Canada<\/em> contribue \u00e0 la formation de l\u2019adulte de diff\u00e9rentes fa\u00e7ons. Il vise \u00e0\u00a0:<\/p>\n<ul>\n<li>amener l\u2019adulte \u00e0 acqu\u00e9rir des connaissances sur l\u2019histoire du Qu\u00e9bec et du Canada;<\/li>\n<li>amener l\u2019adulte \u00e0 d\u00e9velopper les habilet\u00e9s intellectuelles li\u00e9es \u00e0 l\u2019\u00e9tude de l\u2019histoire;<\/li>\n<li>amener l\u2019adulte \u00e0 d\u00e9velopper les aptitudes critiques et d\u00e9lib\u00e9ratives favorables \u00e0 la participation sociale.<\/li>\n<\/ul>\n<p>[\/vc_column_text][\/vc_column_inner][\/vc_row_inner][vc_separator type=\u00a0\u00bbtransparent\u00a0\u00bb border_style=\u00a0\u00bb\u00a0\u00bb up=\u00a0\u00bb40&Prime; down=\u00a0\u00bb0&Prime;][\/vc_column][\/vc_row]<\/p>\n<\/div>","protected":false},"excerpt":{"rendered":"<p>[vc_row row_type=\u00a0\u00bbrow\u00a0\u00bb use_row_as_full_screen_section=\u00a0\u00bbno\u00a0\u00bb type=\u00a0\u00bbfull_width\u00a0\u00bb text_align=\u00a0\u00bbleft\u00a0\u00bb background_color=\u00a0\u00bb#ffffff\u00a0\u00bb css_animation=\u00a0\u00bb\u00a0\u00bb][vc_column][vc_row_inner row_type=\u00a0\u00bbrow\u00a0\u00bb type=\u00a0\u00bbgrid\u00a0\u00bb use_row_as_full_screen_section_slide=\u00a0\u00bbno\u00a0\u00bb text_align=\u00a0\u00bbleft\u00a0\u00bb background_color=\u00a0\u00bb#ffffff\u00a0\u00bb padding_top=\u00a0\u00bb80&Prime; padding_bottom=\u00a0\u00bb80&Prime; css_animation=\u00a0\u00bb\u00a0\u00bb][vc_column_inner][vc_separator type=\u00a0\u00bbtransparent\u00a0\u00bb border_style=\u00a0\u00bb\u00a0\u00bb up=\u00a0\u00bb40&Prime; down=\u00a0\u00bb0&Prime;][vc_column_text] BIENVENUE SUR LE SITE D\u2019ACCOMPAGNEMENT [\/vc_column_text][vc_column_text] UNIVERS SOCIAL Histoire du Qu\u00e9bec et du Canada [\/vc_column_text][vc_separator type=\u00a0\u00bbtransparent\u00a0\u00bb border_style=\u00a0\u00bb\u00a0\u00bb up=\u00a0\u00bb40&Prime; down=\u00a0\u00bb0&Prime;][vc_column_text] L\u2019histoire en tant que discipline trouve ses&#8230;<\/p>\n","protected":false},"author":1,"featured_media":0,"parent":0,"menu_order":0,"comment_status":"closed","ping_status":"closed","template":"full_width.php","meta":{"footnotes":"","_links_to":"","_links_to_target":""},"_links":{"self":[{"href":"https:\/\/www.accompagnementfga.ca\/histoireduquebecetducanada\/wp-json\/wp\/v2\/pages\/22772"}],"collection":[{"href":"https:\/\/www.accompagnementfga.ca\/histoireduquebecetducanada\/wp-json\/wp\/v2\/pages"}],"about":[{"href":"https:\/\/www.accompagnementfga.ca\/histoireduquebecetducanada\/wp-json\/wp\/v2\/types\/page"}],"author":[{"embeddable":true,"href":"https:\/\/www.accompagnementfga.ca\/histoireduquebecetducanada\/wp-json\/wp\/v2\/users\/1"}],"replies":[{"embeddable":true,"href":"https:\/\/www.accompagnementfga.ca\/histoireduquebecetducanada\/wp-json\/wp\/v2\/comments?post=22772"}],"version-history":[{"count":41,"href":"https:\/\/www.accompagnementfga.ca\/histoireduquebecetducanada\/wp-json\/wp\/v2\/pages\/22772\/revisions"}],"predecessor-version":[{"id":23305,"href":"https:\/\/www.accompagnementfga.ca\/histoireduquebecetducanada\/wp-json\/wp\/v2\/pages\/22772\/revisions\/23305"}],"wp:attachment":[{"href":"https:\/\/www.accompagnementfga.ca\/histoireduquebecetducanada\/wp-json\/wp\/v2\/media?parent=22772"}],"curies":[{"name":"wp","href":"https:\/\/api.w.org\/{rel}","templated":true}]}}