{"id":21736,"date":"2015-11-15T06:52:14","date_gmt":"2015-11-15T10:52:14","guid":{"rendered":"http:\/\/www.accompagnementfga.ca\/demo1\/?page_id=21736"},"modified":"2025-08-17T11:35:13","modified_gmt":"2025-08-17T15:35:13","slug":"ressources","status":"publish","type":"page","link":"https:\/\/www.accompagnementfga.ca\/geographieregionaleduquebec\/ressources\/","title":{"rendered":"Ressources p\u00e9dagogiques"},"content":{"rendered":"<div class=\"wpb-content-wrapper\"><p>[vc_row css_animation=\u00a0\u00bb\u00a0\u00bb row_type=\u00a0\u00bbrow\u00a0\u00bb use_row_as_full_screen_section=\u00a0\u00bbno\u00a0\u00bb type=\u00a0\u00bbgrid\u00a0\u00bb text_align=\u00a0\u00bbleft\u00a0\u00bb padding_top=\u00a0\u00bb40&Prime; padding_bottom=\u00a0\u00bb20&Prime;][vc_column width=\u00a0\u00bb2\/3&Prime;][vc_column_text]<\/p>\n<h3><\/h3>\n<p>[\/vc_column_text][vc_row_inner row_type=\u00a0\u00bbrow\u00a0\u00bb type=\u00a0\u00bbfull_width\u00a0\u00bb use_row_as_full_screen_section_slide=\u00a0\u00bbno\u00a0\u00bb text_align=\u00a0\u00bbleft\u00a0\u00bb css_animation=\u00a0\u00bb\u00a0\u00bb][vc_column_inner][vc_column_text]<\/p>\n<ul>\n<li><a href=\"http:\/\/www.accompagnementfga.ca\/geographieregionaleduquebec\/bibliotheque-2-copy\/\">Cartoth\u00e8que<\/a><\/li>\n<li><a href=\"http:\/\/www.accompagnementfga.ca\/geographieregionaleduquebec\/cours-1\/\">Cours 1 \u2013 Population et \u00e9conomie<\/a><\/li>\n<li><a href=\"http:\/\/www.accompagnementfga.ca\/geographieregionaleduquebec\/cours-2\/\">Cours 2 \u2013 Urbanisation et tourisme<\/a><\/li>\n<li><a href=\"http:\/\/www.accompagnementfga.ca\/geographieregionaleduquebec\/regions_administratives\/\">R\u00e9gions administratives<\/a><\/li>\n<li><a href=\"http:\/\/www.accompagnementfga.ca\/geographieregionaleduquebec\/regions-touristiques\/\">R\u00e9gions touristiques<\/a><\/li>\n<li><a href=\"http:\/\/www.accompagnementfga.ca\/geographieregionaleduquebec\/bibliotheque-2-copy-2\/\">Techniques<\/a><\/li>\n<\/ul>\n<p>&nbsp;<\/p>\n<p><strong>Liens<\/strong><\/p>\n<ul>\n<li><a href=\"http:\/\/recitfga.ca\/\">R\u00e9cit FGA<\/a> <a href=\"http:\/\/recitfga.ca\/\" target=\"_blank\" rel=\"noopener\"><img decoding=\"async\" loading=\"lazy\" class=\"alignnone\" src=\"http:\/\/www.education.gouv.qc.ca\/fileadmin\/templates\/images\/icones\/externe.png\" alt=\"Cet hyperlien s'ouvrira dans une nouvelle fen\u00eatre.\" width=\"13\" height=\"13\" \/><\/a><\/li>\n<li><a href=\"https:\/\/www.recitus.qc.ca\/ressources\/secondaire\/publications\/categorie\/par-matieres\/geographie\/\" target=\"_blank\" rel=\"noopener\">R\u00c9CIT\u00a0national de l&rsquo;univers social pour G\u00e9ographie\u00a0<img decoding=\"async\" src=\"http:\/\/www.education.gouv.qc.ca\/fileadmin\/templates\/images\/icones\/externe.png\" alt=\"Cet hyperlien s'ouvrira dans une nouvelle fen\u00eatre.\" \/><\/a><\/li>\n<li><a href=\"https:\/\/www.youtube.com\/user\/recitus\">Cha\u00eene YouTube du R\u00e9citus<\/a> <a href=\"https:\/\/www.youtube.com\/user\/recitus\" target=\"_blank\" rel=\"noopener\"><img decoding=\"async\" loading=\"lazy\" class=\"alignnone\" src=\"http:\/\/www.education.gouv.qc.ca\/fileadmin\/templates\/images\/icones\/externe.png\" alt=\"Cet hyperlien s'ouvrira dans une nouvelle fen\u00eatre.\" width=\"13\" height=\"13\" \/><\/a>\n<div><\/div>\n<\/li>\n<li class=\"csc-frame csc-frame-default\">\n<div>\n<p><strong>Ressources en ligne<\/strong><\/p>\n<ul>\n<li><a href=\"http:\/\/numerique.banq.qc.ca\/\">BAnQ<\/a><span style=\"text-align: left;color: #333333;text-indent: 0px;letter-spacing: normal;font-family: Georgia,'Times New Roman','Bitstream Charter',Times,serif;font-size: 16px;font-style: normal;font-variant: normal;font-weight: 400;float: none;background-color: #ffffff\">\u00a0<\/span><a href=\"http:\/\/recitfga.ca\/\" target=\"_blank\" rel=\"noopener\"><img decoding=\"async\" loading=\"lazy\" class=\"alignnone\" style=\"height: auto;max-width: 100%\" src=\"http:\/\/www.education.gouv.qc.ca\/fileadmin\/templates\/images\/icones\/externe.png\" alt=\"Cet hyperlien s'ouvrira dans une nouvelle fen\u00eatre.\" width=\"13\" height=\"13\" \/><\/a><\/li>\n<li><a href=\"http:\/\/numerique.banq.qc.ca\/ligne-du-temps\">BAnQ Ligne du temps<\/a>\u00a0<a href=\"https:\/\/www.youtube.com\/user\/recitus\" target=\"_blank\" rel=\"noopener\"><img decoding=\"async\" loading=\"lazy\" class=\"alignnone\" src=\"http:\/\/www.education.gouv.qc.ca\/fileadmin\/templates\/images\/icones\/externe.png\" alt=\"Cet hyperlien s'ouvrira dans une nouvelle fen\u00eatre.\" width=\"13\" height=\"13\" \/><\/a><\/li>\n<li><a href=\"https:\/\/curio.ca\/fr\/\">Curio.ca (Fran\u00e7ais)<\/a><span style=\"text-align: left;color: #333333;text-indent: 0px;letter-spacing: normal;font-family: Georgia,'Times New Roman','Bitstream Charter',Times,serif;font-size: 16px;font-style: normal;font-variant: normal;font-weight: 400;float: none;background-color: #ffffff\">\u00a0<\/span><a href=\"http:\/\/recitfga.ca\/\" target=\"_blank\" rel=\"noopener\"><img decoding=\"async\" loading=\"lazy\" class=\"alignnone\" style=\"height: auto;max-width: 100%\" src=\"http:\/\/www.education.gouv.qc.ca\/fileadmin\/templates\/images\/icones\/externe.png\" alt=\"Cet hyperlien s'ouvrira dans une nouvelle fen\u00eatre.\" width=\"13\" height=\"13\" \/><\/a>\u00a0(<a href=\"https:\/\/curio.ca\/en\/\">Anglais)<\/a><span style=\"text-align: left;color: #333333;text-indent: 0px;letter-spacing: normal;font-family: Georgia,'Times New Roman','Bitstream Charter',Times,serif;font-size: 16px;font-style: normal;font-variant: normal;font-weight: 400;float: none;background-color: #ffffff\">\u00a0<\/span><a href=\"http:\/\/recitfga.ca\/\" target=\"_blank\" rel=\"noopener\"><img decoding=\"async\" loading=\"lazy\" class=\"alignnone\" style=\"height: auto;max-width: 100%\" src=\"http:\/\/www.education.gouv.qc.ca\/fileadmin\/templates\/images\/icones\/externe.png\" alt=\"Cet hyperlien s'ouvrira dans une nouvelle fen\u00eatre.\" width=\"13\" height=\"13\" \/><\/a><\/li>\n<li><a href=\"https:\/\/www.onf.ca\/education\/\">Office national du film du Canada (Fran\u00e7ais)<\/a><span style=\"text-align: left;color: #333333;text-indent: 0px;letter-spacing: normal;font-family: Georgia,'Times New Roman','Bitstream Charter',Times,serif;font-size: 16px;font-style: normal;font-variant: normal;font-weight: 400;float: none;background-color: #ffffff\">\u00a0<\/span><a href=\"http:\/\/recitfga.ca\/\" target=\"_blank\" rel=\"noopener\"><img decoding=\"async\" loading=\"lazy\" class=\"alignnone\" style=\"height: auto;max-width: 100%\" src=\"http:\/\/www.education.gouv.qc.ca\/fileadmin\/templates\/images\/icones\/externe.png\" alt=\"Cet hyperlien s'ouvrira dans une nouvelle fen\u00eatre.\" width=\"13\" height=\"13\" \/><\/a>\u00a0(<a href=\"https:\/\/www.nfb.ca\/education\/\">Anglais)<\/a><span style=\"text-align: left;color: #333333;text-indent: 0px;letter-spacing: normal;font-family: Georgia,'Times New Roman','Bitstream Charter',Times,serif;font-size: 16px;font-style: normal;font-variant: normal;font-weight: 400;float: none;background-color: #ffffff\">\u00a0<\/span><a href=\"http:\/\/recitfga.ca\/\" target=\"_blank\" rel=\"noopener\"><img decoding=\"async\" loading=\"lazy\" class=\"alignnone\" style=\"height: auto;max-width: 100%\" src=\"http:\/\/www.education.gouv.qc.ca\/fileadmin\/templates\/images\/icones\/externe.png\" alt=\"Cet hyperlien s'ouvrira dans une nouvelle fen\u00eatre.\" width=\"13\" height=\"13\" \/><\/a><\/li>\n<li><a href=\"https:\/\/quatremille.be\/10-musees-en-ligne-a-visiter-depuis-chez-vous-gratuitement\/\">10 mus\u00e9es en lignes (Fr\/An)<\/a>\u00a0<a href=\"http:\/\/recitfga.ca\/\" target=\"_blank\" rel=\"noopener\"><img decoding=\"async\" loading=\"lazy\" class=\"alignnone\" style=\"height: auto;max-width: 100%\" src=\"http:\/\/www.education.gouv.qc.ca\/fileadmin\/templates\/images\/icones\/externe.png\" alt=\"Cet hyperlien s'ouvrira dans une nouvelle fen\u00eatre.\" width=\"13\" height=\"13\" \/><\/a><\/li>\n<li><a href=\"https:\/\/mcq.org\/\">Mus\u00e9e de la civilisation\u00a0<img decoding=\"async\" loading=\"lazy\" class=\"alignnone\" style=\"height: auto;max-width: 100%\" src=\"http:\/\/www.education.gouv.qc.ca\/fileadmin\/templates\/images\/icones\/externe.png\" alt=\"Cet hyperlien s'ouvrira dans une nouvelle fen\u00eatre.\" width=\"13\" height=\"13\" \/><\/a><\/li>\n<li><a href=\"http:\/\/bilan.usherbrooke.ca\/bilan\/\">Bilan du si\u00e8cle<\/a>\u00a0<a href=\"http:\/\/recitfga.ca\/\" target=\"_blank\" rel=\"noopener\"><img decoding=\"async\" loading=\"lazy\" class=\"alignnone\" style=\"height: auto;max-width: 100%\" src=\"http:\/\/www.education.gouv.qc.ca\/fileadmin\/templates\/images\/icones\/externe.png\" alt=\"Cet hyperlien s'ouvrira dans une nouvelle fen\u00eatre.\" width=\"13\" height=\"13\" \/><\/a><\/li>\n<li><a href=\"https:\/\/www.thecanadianencyclopedia.ca\/fr\">L\u2019encyclop\u00e9die canadienne (Fran\u00e7ais)<\/a>\u00a0<a href=\"http:\/\/recitfga.ca\/\" target=\"_blank\" rel=\"noopener\"><img decoding=\"async\" loading=\"lazy\" class=\"alignnone\" style=\"height: auto;max-width: 100%\" src=\"http:\/\/www.education.gouv.qc.ca\/fileadmin\/templates\/images\/icones\/externe.png\" alt=\"Cet hyperlien s'ouvrira dans une nouvelle fen\u00eatre.\" width=\"13\" height=\"13\" \/><\/a>\u00a0(<a href=\"https:\/\/www.thecanadianencyclopedia.ca\/en\">Anglais)<\/a>\u00a0<a href=\"http:\/\/recitfga.ca\/\" target=\"_blank\" rel=\"noopener\"><img decoding=\"async\" loading=\"lazy\" class=\"alignnone\" style=\"height: auto;max-width: 100%\" src=\"http:\/\/www.education.gouv.qc.ca\/fileadmin\/templates\/images\/icones\/externe.png\" alt=\"Cet hyperlien s'ouvrira dans une nouvelle fen\u00eatre.\" width=\"13\" height=\"13\" \/><\/a><\/li>\n<li><a href=\"https:\/\/www.google.com\/intl\/fr_ca\/earth\/\">Google Earth (Fran\u00e7ais)<\/a>\u00a0<a href=\"http:\/\/recitfga.ca\/\" target=\"_blank\" rel=\"noopener\"><img decoding=\"async\" loading=\"lazy\" class=\"alignnone\" style=\"height: auto;max-width: 100%\" src=\"http:\/\/www.education.gouv.qc.ca\/fileadmin\/templates\/images\/icones\/externe.png\" alt=\"Cet hyperlien s'ouvrira dans une nouvelle fen\u00eatre.\" width=\"13\" height=\"13\" \/><\/a>\u00a0(<a href=\"https:\/\/www.google.com\/intl\/en_ca\/earth\/\">Anglais)<\/a>\u00a0<a href=\"http:\/\/recitfga.ca\/\" target=\"_blank\" rel=\"noopener\"><img decoding=\"async\" loading=\"lazy\" class=\"alignnone\" style=\"height: auto;max-width: 100%\" src=\"http:\/\/www.education.gouv.qc.ca\/fileadmin\/templates\/images\/icones\/externe.png\" alt=\"Cet hyperlien s'ouvrira dans une nouvelle fen\u00eatre.\" width=\"13\" height=\"13\" \/><\/a><\/li>\n<\/ul>\n<\/div>\n<\/li>\n<\/ul>\n<p>[\/vc_column_text][vc_separator type=\u00a0\u00bbtransparent\u00a0\u00bb border_style=\u00a0\u00bb\u00a0\u00bb][vc_separator type=\u00a0\u00bbtransparent\u00a0\u00bb border_style=\u00a0\u00bb\u00a0\u00bb][vc_column_text]<\/p>\n<h3><\/h3>\n<p>[\/vc_column_text][vc_separator type=\u00a0\u00bbtransparent\u00a0\u00bb border_style=\u00a0\u00bb\u00a0\u00bb][vc_separator type=\u00a0\u00bbtransparent\u00a0\u00bb border_style=\u00a0\u00bb\u00a0\u00bb][vc_separator type=\u00a0\u00bbtransparent\u00a0\u00bb border_style=\u00a0\u00bb\u00a0\u00bb][\/vc_column_inner][\/vc_row_inner][\/vc_column][vc_column width=\u00a0\u00bb1\/3&Prime;][\/vc_column][\/vc_row][vc_row css_animation=\u00a0\u00bb\u00a0\u00bb row_type=\u00a0\u00bbrow\u00a0\u00bb use_row_as_full_screen_section=\u00a0\u00bbno\u00a0\u00bb type=\u00a0\u00bbfull_width\u00a0\u00bb text_align=\u00a0\u00bbleft\u00a0\u00bb][vc_column][vc_separator type=\u00a0\u00bbtransparent\u00a0\u00bb border_style=\u00a0\u00bb\u00a0\u00bb][\/vc_column][\/vc_row]<\/p>\n<\/div>","protected":false},"excerpt":{"rendered":"<p>[vc_row css_animation=\u00a0\u00bb\u00a0\u00bb row_type=\u00a0\u00bbrow\u00a0\u00bb use_row_as_full_screen_section=\u00a0\u00bbno\u00a0\u00bb type=\u00a0\u00bbgrid\u00a0\u00bb text_align=\u00a0\u00bbleft\u00a0\u00bb padding_top=\u00a0\u00bb40&Prime; padding_bottom=\u00a0\u00bb20&Prime;][vc_column width=\u00a0\u00bb2\/3&Prime;][vc_column_text] [\/vc_column_text][vc_row_inner row_type=\u00a0\u00bbrow\u00a0\u00bb type=\u00a0\u00bbfull_width\u00a0\u00bb use_row_as_full_screen_section_slide=\u00a0\u00bbno\u00a0\u00bb text_align=\u00a0\u00bbleft\u00a0\u00bb css_animation=\u00a0\u00bb\u00a0\u00bb][vc_column_inner][vc_column_text] Cartoth\u00e8que Cours 1 \u2013 Population et \u00e9conomie Cours 2 \u2013 Urbanisation et tourisme R\u00e9gions administratives R\u00e9gions touristiques Techniques &nbsp; Liens R\u00e9cit FGA R\u00c9CIT\u00a0national de l&rsquo;univers social pour G\u00e9ographie\u00a0 Cha\u00eene YouTube&#8230;<\/p>\n","protected":false},"author":1,"featured_media":0,"parent":0,"menu_order":0,"comment_status":"closed","ping_status":"closed","template":"full_width.php","meta":{"footnotes":"","_links_to":"","_links_to_target":""},"_links":{"self":[{"href":"https:\/\/www.accompagnementfga.ca\/geographieregionaleduquebec\/wp-json\/wp\/v2\/pages\/21736"}],"collection":[{"href":"https:\/\/www.accompagnementfga.ca\/geographieregionaleduquebec\/wp-json\/wp\/v2\/pages"}],"about":[{"href":"https:\/\/www.accompagnementfga.ca\/geographieregionaleduquebec\/wp-json\/wp\/v2\/types\/page"}],"author":[{"embeddable":true,"href":"https:\/\/www.accompagnementfga.ca\/geographieregionaleduquebec\/wp-json\/wp\/v2\/users\/1"}],"replies":[{"embeddable":true,"href":"https:\/\/www.accompagnementfga.ca\/geographieregionaleduquebec\/wp-json\/wp\/v2\/comments?post=21736"}],"version-history":[{"count":139,"href":"https:\/\/www.accompagnementfga.ca\/geographieregionaleduquebec\/wp-json\/wp\/v2\/pages\/21736\/revisions"}],"predecessor-version":[{"id":24079,"href":"https:\/\/www.accompagnementfga.ca\/geographieregionaleduquebec\/wp-json\/wp\/v2\/pages\/21736\/revisions\/24079"}],"wp:attachment":[{"href":"https:\/\/www.accompagnementfga.ca\/geographieregionaleduquebec\/wp-json\/wp\/v2\/media?parent=21736"}],"curies":[{"name":"wp","href":"https:\/\/api.w.org\/{rel}","templated":true}]}}