{"id":22120,"date":"2015-12-08T20:23:42","date_gmt":"2015-12-08T19:23:42","guid":{"rendered":"https:\/\/www.accompagnementfga.ca\/francisation\/?page_id=22120"},"modified":"2024-08-06T20:44:17","modified_gmt":"2024-08-06T19:44:17","slug":"soutiller-pour-enseigner","status":"publish","type":"page","link":"https:\/\/www.accompagnementfga.ca\/francisation\/soutiller-pour-enseigner\/","title":{"rendered":"S&rsquo;outiller pour enseigner"},"content":{"rendered":"<div class=\"wpb-content-wrapper\"><p>[vc_row css_animation=\u00a0\u00bb\u00a0\u00bb row_type=\u00a0\u00bbrow\u00a0\u00bb use_row_as_full_screen_section=\u00a0\u00bbno\u00a0\u00bb type=\u00a0\u00bbfull_width\u00a0\u00bb text_align=\u00a0\u00bbleft\u00a0\u00bb background_color=\u00a0\u00bb#f5f5f5&Prime;][vc_column][vc_row_inner row_type=\u00a0\u00bbrow\u00a0\u00bb type=\u00a0\u00bbgrid\u00a0\u00bb use_row_as_full_screen_section_slide=\u00a0\u00bbno\u00a0\u00bb text_align=\u00a0\u00bbleft\u00a0\u00bb padding_top=\u00a0\u00bb50&Prime; padding_bottom=\u00a0\u00bb50&Prime; css_animation=\u00a0\u00bb\u00a0\u00bb][vc_column_inner width=\u00a0\u00bb2\/3&Prime;][vc_column_text]<\/p>\n<h3>S&rsquo;outiller pour enseigner<\/h3>\n<p>[\/vc_column_text][vc_separator type=\u00a0\u00bbtransparent\u00a0\u00bb border_style=\u00a0\u00bb\u00a0\u00bb up=\u00a0\u00bb5&Prime; down=\u00a0\u00bb0&Prime;][vc_separator type=\u00a0\u00bbtransparent\u00a0\u00bb border_style=\u00a0\u00bb\u00a0\u00bb up=\u00a0\u00bb5&Prime; down=\u00a0\u00bb0&Prime;][vc_separator type=\u00a0\u00bbtransparent\u00a0\u00bb border_style=\u00a0\u00bb\u00a0\u00bb up=\u00a0\u00bb5&Prime; down=\u00a0\u00bb0&Prime;][vc_separator type=\u00a0\u00bbtransparent\u00a0\u00bb border_style=\u00a0\u00bb\u00a0\u00bb up=\u00a0\u00bb5&Prime; down=\u00a0\u00bb0&Prime;]<div class='q_icon_with_title  '><div class=\"icon_holder \" style=\" \"><div class=\"icon_holder_inner\"><span class=\"q_font_elegant_holder  \" style=\"font-size: 28px;\"><span class=\"icon_text_icon q_font_elegant_icon icon_film\" aria-hidden=\"true\" style=\"font-size: 28px;\"><\/span><\/span><\/div><\/div><div class=\"icon_text_holder\" style=\"padding-left: 110px\"><div class=\"icon_text_inner\" style=\"\"><h4 class=\"icon_title\" style=\"\">Capsule sur le Nouveau programme<\/h4><p style=''>Cette capsule offre une vue d\u2019ensemble du nouveau programme d\u2019\u00e9tudes <i>Francisation<\/i> et en pr\u00e9sente les grandes lignes et la structure.<\/p><\/div><\/div><\/div>[vc_column_text css=\u00a0\u00bb.vc_custom_1722973303392{margin-left: 110px !important;}\u00a0\u00bb]<a href=\"https:\/\/www.youtube.com\/watch?v=EiInIQ82xbc\" target=\"_blank\" rel=\"noopener\"><span class=\"q_font_awsome_icon q_icon_shortcode q_font_awsome_icon_holder   \" style=\"font-size: 20px;px; \"><i class=\"fa fa-youtube-play\"><\/i><\/span> Nouveau programme<\/a>[\/vc_column_text][vc_separator type=\u00a0\u00bbtransparent\u00a0\u00bb border_style=\u00a0\u00bb\u00a0\u00bb up=\u00a0\u00bb25&Prime; down=\u00a0\u00bb0&Prime;]<div class='q_icon_with_title  '><div class=\"icon_holder \" style=\" \"><div class=\"icon_holder_inner\"><span class=\"q_font_elegant_holder  \" style=\"font-size: 28px;\"><span class=\"icon_text_icon q_font_elegant_icon icon_documents_alt\" aria-hidden=\"true\" style=\"font-size: 28px;\"><\/span><\/span><\/div><\/div><div class=\"icon_text_holder\" style=\"padding-left: 110px\"><div class=\"icon_text_inner\" style=\"\"><h4 class=\"icon_title\" style=\"\">Activit\u00e9 Exploration d\u2019un cours<\/h4><p style=''>L\u2019activit\u00e9 qui suit vise \u00e0 vous familiariser avec le contenu et l\u2019organisation d\u2019un cours. Vous serez amen\u00e9(e) \u00e0 en d\u00e9couvrir la structure et les composantes, \u00e0 en cerner les particularit\u00e9s et \u00e0 d\u00e9gager des liens entre les diff\u00e9rentes rubriques. Il s\u2019agit de la m\u00eame activit\u00e9 qui avait \u00e9t\u00e9 faite dans le cadre de l\u2019atelier de l\u2019AQIFGA du 1<sup>er<\/sup> mai 2015.<\/p><\/div><\/div><\/div>[vc_column_text css=\u00a0\u00bb.vc_custom_1452624393197{margin-left: 110px !important;}\u00a0\u00bb]<a href=\"http:\/\/www.accompagnementfga.ca\/francisation\/wp-content\/uploads\/sites\/5\/2016\/01\/Exploration-cours.docx\" class=\"mtli_attachment mtli_docx\">Activit\u00e9<\/a>\u00a0 \u00a0 \u00a0\u00a0<a href=\"http:\/\/www.accompagnementfga.ca\/francisation\/wp-content\/uploads\/sites\/5\/2016\/01\/Exploration-cours-Corrig\u00e9.docx\" class=\"mtli_attachment mtli_docx\">Corrig\u00e9<\/a>[\/vc_column_text][vc_separator type=\u00a0\u00bbtransparent\u00a0\u00bb border_style=\u00a0\u00bb\u00a0\u00bb up=\u00a0\u00bb25&Prime; down=\u00a0\u00bb0&Prime;]<div class='q_icon_with_title  '><div class=\"icon_holder \" style=\" \"><div class=\"icon_holder_inner\"><span class=\"q_font_elegant_holder  \" style=\"font-size: 28px;\"><span class=\"icon_text_icon q_font_elegant_icon icon_film\" aria-hidden=\"true\" style=\"font-size: 28px;\"><\/span><\/span><\/div><\/div><div class=\"icon_text_holder\" style=\"padding-left: 110px\"><div class=\"icon_text_inner\" style=\"\"><h4 class=\"icon_title\" style=\"\">Capsule sur les intentions de communication<\/h4><p style=''>Cette capsule fait le point sur l\u2019importance des intentions de communication et leur lien avec les domaines g\u00e9n\u00e9raux de formation et les savoirs.<\/p><\/div><\/div><\/div>[vc_column_text css=\u00a0\u00bb.vc_custom_1722973445079{margin-left: 110px !important;}\u00a0\u00bb]<a href=\"https:\/\/www.youtube.com\/watch?v=nc3Dem1Gl1s\" target=\"_blank\" rel=\"noopener\"><span class=\"q_font_awsome_icon q_icon_shortcode q_font_awsome_icon_holder   \" style=\"font-size: 20px;px; \"><i class=\"fa fa-youtube-play\"><\/i><\/span> Les\u00a0intentions de communication<\/a>[\/vc_column_text][vc_separator type=\u00a0\u00bbtransparent\u00a0\u00bb border_style=\u00a0\u00bb\u00a0\u00bb up=\u00a0\u00bb25&Prime; down=\u00a0\u00bb0&Prime;]<div class='q_icon_with_title  '><div class=\"icon_holder \" style=\" \"><div class=\"icon_holder_inner\"><span class=\"q_font_elegant_holder  \" style=\"font-size: 28px;\"><span class=\"icon_text_icon q_font_elegant_icon icon_film\" aria-hidden=\"true\" style=\"font-size: 28px;\"><\/span><\/span><\/div><\/div><div class=\"icon_text_holder\" style=\"padding-left: 110px\"><div class=\"icon_text_inner\" style=\"\"><h4 class=\"icon_title\" style=\"\">Capsule sur les situations d\u2019apprentissage<\/h4><p style=''>Dans cette capsule, il est question de l\u2019importance des situations d\u2019apprentissage dans un programme ax\u00e9 sur le d\u00e9veloppement de comp\u00e9tences. Nous d\u00e9finissons donc ce qu\u2019est une situation d\u2019apprentissage, en dressant une liste de ses caract\u00e9ristiques et en proposant quelques exemples de situations d\u2019apprentissage \u00e0 exploiter en classe. Nous discutons \u00e9galement de la place \u00e0 leur accorder en classe de francisation.<\/p><\/div><\/div><\/div>[vc_column_text css=\u00a0\u00bb.vc_custom_1722973455303{margin-left: 110px !important;}\u00a0\u00bb]<a href=\"https:\/\/www.youtube.com\/watch?v=kdSfB_8HPUk\" target=\"_blank\" rel=\"noopener\"><span class=\"q_font_awsome_icon q_icon_shortcode q_font_awsome_icon_holder   \" style=\"font-size: 20px;px; \"><i class=\"fa fa-youtube-play\"><\/i><\/span> Situation d&rsquo;apprentissage<\/a>[\/vc_column_text][vc_separator type=\u00a0\u00bbtransparent\u00a0\u00bb border_style=\u00a0\u00bb\u00a0\u00bb up=\u00a0\u00bb25&Prime; down=\u00a0\u00bb0&Prime;]<div class='q_icon_with_title  '><div class=\"icon_holder \" style=\" \"><div class=\"icon_holder_inner\"><span class=\"q_font_elegant_holder  \" style=\"font-size: 28px;\"><span class=\"icon_text_icon q_font_elegant_icon icon_documents_alt\" aria-hidden=\"true\" style=\"font-size: 28px;\"><\/span><\/span><\/div><\/div><div class=\"icon_text_holder\" style=\"padding-left: 110px\"><div class=\"icon_text_inner\" style=\"\"><h4 class=\"icon_title\" style=\"\">Document \u00c9bauche d\u2019une situation d\u2019apprentissage<\/h4><p style=''>L\u2019activit\u00e9 propos\u00e9e vous am\u00e8nera \u00e0 concevoir une \u00e9bauche de situation d\u2019apprentissage (SA) qui soit signifiante et engageante, et en coh\u00e9rence avec l\u2019approche par comp\u00e9tences. En explorant un cours du programme et en exploitant les diff\u00e9rentes ressources propos\u00e9es, vous aurez l\u2019occasion de vous familiariser davantage avec le processus d\u2019\u00e9laboration de situations d\u2019apprentissage et ainsi de d\u00e9velopper votre comp\u00e9tence professionnelle 3 : \u00ab Cr\u00e9ation de situations d\u2019enseignement et d\u2019apprentissage \u00bb.Notez que cette activit\u00e9 peut \u00eatre r\u00e9alis\u00e9e autant <b>en individuel qu\u2019en groupe<\/b> (un cahier de l\u2019animateur est d\u2019ailleurs fourni si l\u2019activit\u00e9 vise un groupe).<\/p><\/div><\/div><\/div>[vc_column_text css=\u00a0\u00bb.vc_custom_1466523099961{margin-left: 110px !important;}\u00a0\u00bb]<a href=\"http:\/\/www.accompagnementfga.ca\/francisation\/wp-content\/uploads\/sites\/5\/2016\/06\/\u00c9bauche-de-SA-Cahier-Animateur_2.docx\" class=\"mtli_attachment mtli_docx\">Cahier de l&rsquo;animateur<\/a>\u00a0\u00a0\u00a0\u00a0\u00a0\u00a0<a href=\"http:\/\/www.accompagnementfga.ca\/francisation\/wp-content\/uploads\/sites\/5\/2016\/01\/\u00c9bauche-de-SA-Cahier-Participant.docx\" class=\"mtli_attachment mtli_docx\">Cahier du participant<\/a>[\/vc_column_text][vc_separator type=\u00a0\u00bbtransparent\u00a0\u00bb border_style=\u00a0\u00bb\u00a0\u00bb up=\u00a0\u00bb40&Prime; down=\u00a0\u00bb0&Prime;][\/vc_column_inner][vc_column_inner width=\u00a0\u00bb1\/3&Prime;][\/vc_column_inner][\/vc_row_inner][\/vc_column][\/vc_row]<\/p>\n<\/div>","protected":false},"excerpt":{"rendered":"<p>[vc_row css_animation=\u00a0\u00bb\u00a0\u00bb row_type=\u00a0\u00bbrow\u00a0\u00bb use_row_as_full_screen_section=\u00a0\u00bbno\u00a0\u00bb type=\u00a0\u00bbfull_width\u00a0\u00bb text_align=\u00a0\u00bbleft\u00a0\u00bb background_color=\u00a0\u00bb#f5f5f5&Prime;][vc_column][vc_row_inner row_type=\u00a0\u00bbrow\u00a0\u00bb type=\u00a0\u00bbgrid\u00a0\u00bb use_row_as_full_screen_section_slide=\u00a0\u00bbno\u00a0\u00bb text_align=\u00a0\u00bbleft\u00a0\u00bb padding_top=\u00a0\u00bb50&Prime; padding_bottom=\u00a0\u00bb50&Prime; css_animation=\u00a0\u00bb\u00a0\u00bb][vc_column_inner width=\u00a0\u00bb2\/3&Prime;][vc_column_text] S&rsquo;outiller pour enseigner [\/vc_column_text][vc_separator type=\u00a0\u00bbtransparent\u00a0\u00bb border_style=\u00a0\u00bb\u00a0\u00bb up=\u00a0\u00bb5&Prime; down=\u00a0\u00bb0&Prime;][vc_separator type=\u00a0\u00bbtransparent\u00a0\u00bb border_style=\u00a0\u00bb\u00a0\u00bb up=\u00a0\u00bb5&Prime; down=\u00a0\u00bb0&Prime;][vc_separator type=\u00a0\u00bbtransparent\u00a0\u00bb border_style=\u00a0\u00bb\u00a0\u00bb up=\u00a0\u00bb5&Prime; down=\u00a0\u00bb0&Prime;][vc_separator type=\u00a0\u00bbtransparent\u00a0\u00bb border_style=\u00a0\u00bb\u00a0\u00bb up=\u00a0\u00bb5&Prime; down=\u00a0\u00bb0&Prime;][vc_column_text css=\u00a0\u00bb.vc_custom_1722973303392{margin-left: 110px !important;}\u00a0\u00bb] Nouveau programme[\/vc_column_text][vc_separator type=\u00a0\u00bbtransparent\u00a0\u00bb border_style=\u00a0\u00bb\u00a0\u00bb up=\u00a0\u00bb25&Prime; down=\u00a0\u00bb0&Prime;][vc_column_text css=\u00a0\u00bb.vc_custom_1452624393197{margin-left:&#8230;<\/p>\n","protected":false},"author":1,"featured_media":0,"parent":0,"menu_order":0,"comment_status":"closed","ping_status":"closed","template":"full_width.php","meta":{"footnotes":"","_links_to":"","_links_to_target":""},"_links":{"self":[{"href":"https:\/\/www.accompagnementfga.ca\/francisation\/wp-json\/wp\/v2\/pages\/22120"}],"collection":[{"href":"https:\/\/www.accompagnementfga.ca\/francisation\/wp-json\/wp\/v2\/pages"}],"about":[{"href":"https:\/\/www.accompagnementfga.ca\/francisation\/wp-json\/wp\/v2\/types\/page"}],"author":[{"embeddable":true,"href":"https:\/\/www.accompagnementfga.ca\/francisation\/wp-json\/wp\/v2\/users\/1"}],"replies":[{"embeddable":true,"href":"https:\/\/www.accompagnementfga.ca\/francisation\/wp-json\/wp\/v2\/comments?post=22120"}],"version-history":[{"count":67,"href":"https:\/\/www.accompagnementfga.ca\/francisation\/wp-json\/wp\/v2\/pages\/22120\/revisions"}],"predecessor-version":[{"id":22966,"href":"https:\/\/www.accompagnementfga.ca\/francisation\/wp-json\/wp\/v2\/pages\/22120\/revisions\/22966"}],"wp:attachment":[{"href":"https:\/\/www.accompagnementfga.ca\/francisation\/wp-json\/wp\/v2\/media?parent=22120"}],"curies":[{"name":"wp","href":"https:\/\/api.w.org\/{rel}","templated":true}]}}