{"id":21978,"date":"2015-12-04T21:15:33","date_gmt":"2015-12-04T20:15:33","guid":{"rendered":"https:\/\/www.accompagnementfga.ca\/fle\/infolettre-2\/"},"modified":"2022-02-17T15:35:56","modified_gmt":"2022-02-17T14:35:56","slug":"infolettre-2","status":"publish","type":"page","link":"https:\/\/www.accompagnementfga.ca\/fle\/infolettre-2\/","title":{"rendered":"Info-FLE"},"content":{"rendered":"<div class=\"wpb-content-wrapper\"><p>[vc_row row_type=\u00a0\u00bbrow\u00a0\u00bb use_row_as_full_screen_section=\u00a0\u00bbno\u00a0\u00bb type=\u00a0\u00bbfull_width\u00a0\u00bb text_align=\u00a0\u00bbleft\u00a0\u00bb css_animation=\u00a0\u00bb\u00a0\u00bb][vc_column width=\u00a0\u00bb1\/3&Prime; css=\u00a0\u00bb.vc_custom_1449504870575{margin-bottom: 22px !important;}\u00a0\u00bb][vc_single_image image=\u00a0\u00bb22532&Prime; img_size=\u00a0\u00bbfull\u00a0\u00bb qode_css_animation=\u00a0\u00bb\u00a0\u00bb][vc_separator type=\u00a0\u00bbtransparent\u00a0\u00bb border_style=\u00a0\u00bb\u00a0\u00bb][vc_column_text]<\/p>\n<h5>ARCHIVES DES INFOLETTRES<\/h5>\n<p>[\/vc_column_text][vc_separator type=\u00a0\u00bbtransparent\u00a0\u00bb border_style=\u00a0\u00bb\u00a0\u00bb][vc_column_text]<\/p>\n<h5><strong>2021-2022<\/strong><\/h5>\n<p>[\/vc_column_text][vc_separator type=\u00a0\u00bbtransparent\u00a0\u00bb border_style=\u00a0\u00bb\u00a0\u00bb][vc_column_text]<\/p>\n<ul>\n<li>17\/02\/2022 &#8211; <a href=\"https:\/\/mailchi.mp\/c63469e3f867\/info-fle-fvrier-2022?e=[UNIQID]\" target=\"_blank\">INFO-FLE 1<\/a><\/li>\n<\/ul>\n<p>[\/vc_column_text][vc_separator type=\u00a0\u00bbtransparent\u00a0\u00bb border_style=\u00a0\u00bb\u00a0\u00bb][vc_column_text]<\/p>\n<h5><strong>2019-2020<\/strong><\/h5>\n<p>[\/vc_column_text][vc_separator type=\u00a0\u00bbtransparent\u00a0\u00bb border_style=\u00a0\u00bb\u00a0\u00bb][vc_column_text]<\/p>\n<ul>\n<li class=\"campaign\">17\/06\/2020 &#8211;\u00a0<a title=\"INFO-FLE\" href=\"http:\/\/eepurl.com\/g7yzOv\" target=\"_blank\">INFO-FLE 3<\/a><\/li>\n<li class=\"campaign\">30\/04\/2020 &#8211;\u00a0<a title=\"INFO-FLE\" href=\"http:\/\/eepurl.com\/g1J0F5\" target=\"_blank\">INFO-FLE 2<\/a><\/li>\n<li class=\"campaign\">28\/01\/2020 &#8211; <a title=\"INFO-FLE\" href=\"http:\/\/eepurl.com\/gQr45f\" target=\"_blank\">INFO-FLE 1<\/a><\/li>\n<\/ul>\n<p>[\/vc_column_text][vc_separator type=\u00a0\u00bbtransparent\u00a0\u00bb border_style=\u00a0\u00bb\u00a0\u00bb][vc_column_text]<\/p>\n<h5><strong>2018-2019<\/strong><\/h5>\n<p>[\/vc_column_text][vc_separator type=\u00a0\u00bbtransparent\u00a0\u00bb border_style=\u00a0\u00bb\u00a0\u00bb][vc_column_text]<\/p>\n<ul>\n<li class=\"campaign\">21\/05\/2019 &#8211; <a title=\"INFO-FLE\" href=\"http:\/\/eepurl.com\/gr_2Of\" target=\"_blank\">INFO-FLE 1<\/a><\/li>\n<\/ul>\n<p>[\/vc_column_text][vc_separator type=\u00a0\u00bbtransparent\u00a0\u00bb border_style=\u00a0\u00bb\u00a0\u00bb][vc_column_text]<\/p>\n<h5><strong>2016-2017<\/strong><\/h5>\n<p>[\/vc_column_text][vc_separator type=\u00a0\u00bbtransparent\u00a0\u00bb border_style=\u00a0\u00bb\u00a0\u00bb][vc_column_text]<\/p>\n<ul>\n<li class=\"campaign\">12\/16\/2016 &#8211; <a title=\"INFO-FLE\" href=\"http:\/\/eepurl.com\/ctH7aX\" target=\"_blank\">INFO-FLE 2<\/a><\/li>\n<li class=\"campaign\">10\/04\/2016 &#8211; <a title=\"INFO-FLE\" href=\"http:\/\/eepurl.com\/ch9sL5\" target=\"_blank\">INFO-FLE 1<\/a><\/li>\n<\/ul>\n<p>[\/vc_column_text][vc_separator type=\u00a0\u00bbtransparent\u00a0\u00bb border_style=\u00a0\u00bb\u00a0\u00bb][vc_column_text]<\/p>\n<h5><strong>2015-2016<\/strong><\/h5>\n<p>[\/vc_column_text][vc_separator type=\u00a0\u00bbtransparent\u00a0\u00bb border_style=\u00a0\u00bb\u00a0\u00bb][vc_column_text]<\/p>\n<ul>\n<li class=\"campaign\">06\/01\/2016 &#8211; <a title=\"INFO-FLE 3\" href=\"http:\/\/eepurl.com\/b36X9f\" target=\"_blank\">INFO-FLE 3<\/a><\/li>\n<li class=\"campaign\">03\/23\/2016 &#8211; <a title=\"INFO-FLE 2\" href=\"http:\/\/eepurl.com\/bVfPx1\" target=\"_blank\">INFO-FLE 2<\/a><\/li>\n<li class=\"campaign\">02\/03\/2016 &#8211; <a title=\"INFO-FLE 1\" href=\"http:\/\/eepurl.com\/bPdLWf\" target=\"_blank\">INFO-FLE 1<\/a><\/li>\n<\/ul>\n<p>[\/vc_column_text][\/vc_column][vc_column width=\u00a0\u00bb2\/3&Prime;][vc_column_text]<\/p>\n<h5>Pour \u00eatre inform\u00e9 des mises \u00e0 jour\u00a0du site,<br \/>\n<span style=\"color: #ffcc00\">inscrivez-vous \u00e0 Info-FLE d\u00e8s maintenant.<\/span><\/h5>\n<p>[\/vc_column_text][vc_separator type=\u00a0\u00bbtransparent\u00a0\u00bb border_style=\u00a0\u00bb\u00a0\u00bb][vc_raw_html]JTNDJTIxLS0lMjBCZWdpbiUyME1haWxjaGltcCUyMFNpZ251cCUyMEZvcm0lMjAtLSUzRSUwQSUzQ2xpbmslMjBocmVmJTNEJTIyJTJGJTJGY2RuLWltYWdlcy5tYWlsY2hpbXAuY29tJTJGZW1iZWRjb2RlJTJGY2xhc3NpYy0xMF83X2R0cC5jc3MlMjIlMjByZWwlM0QlMjJzdHlsZXNoZWV0JTIyJTIwdHlwZSUzRCUyMnRleHQlMkZjc3MlMjIlM0UlMEElM0NzdHlsZSUyMHR5cGUlM0QlMjJ0ZXh0JTJGY3NzJTIyJTNFJTBBJTA5JTIzbWNfZW1iZWRfc2lnbnVwJTdCYmFja2dyb3VuZCUzQSUyM2ZmZiUzQiUyMGNsZWFyJTNBbGVmdCUzQiUyMGZvbnQlM0ExNHB4JTIwSGVsdmV0aWNhJTJDQXJpYWwlMkNzYW5zLXNlcmlmJTNCJTIwJTdEJTBBJTA5JTJGJTJBJTIwQWRkJTIweW91ciUyMG93biUyME1haWxjaGltcCUyMGZvcm0lMjBzdHlsZSUyMG92ZXJyaWRlcyUyMGluJTIweW91ciUyMHNpdGUlMjBzdHlsZXNoZWV0JTIwb3IlMjBpbiUyMHRoaXMlMjBzdHlsZSUyMGJsb2NrLiUwQSUwOSUyMCUyMCUyMFdlJTIwcmVjb21tZW5kJTIwbW92aW5nJTIwdGhpcyUyMGJsb2NrJTIwYW5kJTIwdGhlJTIwcHJlY2VkaW5nJTIwQ1NTJTIwbGluayUyMHRvJTIwdGhlJTIwSEVBRCUyMG9mJTIweW91ciUyMEhUTUwlMjBmaWxlLiUyMCUyQSUyRiUwQSUzQyUyRnN0eWxlJTNFJTBBJTNDZGl2JTIwaWQlM0QlMjJtY19lbWJlZF9zaWdudXAlMjIlM0UlMEElM0Nmb3JtJTIwYWN0aW9uJTNEJTIyaHR0cHMlM0ElMkYlMkZhY2NvbXBhZ25lbWVudGZnYS51czE0Lmxpc3QtbWFuYWdlLmNvbSUyRnN1YnNjcmliZSUyRnBvc3QlM0Z1JTNEN2EwM2ZjYjI0OWMwYmFiNWNjMjBmNzQ0YSUyNmFtcCUzQmlkJTNEYzk1Mjk1OWFjNSUyMiUyMG1ldGhvZCUzRCUyMnBvc3QlMjIlMjBpZCUzRCUyMm1jLWVtYmVkZGVkLXN1YnNjcmliZS1mb3JtJTIyJTIwbmFtZSUzRCUyMm1jLWVtYmVkZGVkLXN1YnNjcmliZS1mb3JtJTIyJTIwY2xhc3MlM0QlMjJ2YWxpZGF0ZSUyMiUyMHRhcmdldCUzRCUyMl9ibGFuayUyMiUyMG5vdmFsaWRhdGUlM0UlMEElMjAlMjAlMjAlMjAlM0NkaXYlMjBpZCUzRCUyMm1jX2VtYmVkX3NpZ251cF9zY3JvbGwlMjIlM0UlMEElMDklM0NoMiUzRSUzQyUyRmgyJTNFJTBBJTNDZGl2JTIwY2xhc3MlM0QlMjJtYy1maWVsZC1ncm91cCUyMiUzRSUwQSUwOSUzQ2xhYmVsJTIwZm9yJTNEJTIybWNlLUVNQUlMJTIyJTNFQWRyZXNzZSUyMGNvdXJyaWVsJTIwJTNDJTJGbGFiZWwlM0UlMEElMDklM0NpbnB1dCUyMHR5cGUlM0QlMjJlbWFpbCUyMiUyMHZhbHVlJTNEJTIyJTIyJTIwbmFtZSUzRCUyMkVNQUlMJTIyJTIwY2xhc3MlM0QlMjJyZXF1aXJlZCUyMGVtYWlsJTIyJTIwaWQlM0QlMjJtY2UtRU1BSUwlMjIlM0UlMEElM0MlMkZkaXYlM0UlMEElM0NkaXYlMjBjbGFzcyUzRCUyMm1jLWZpZWxkLWdyb3VwJTIyJTNFJTBBJTA5JTNDbGFiZWwlMjBmb3IlM0QlMjJtY2UtRk5BTUUlMjIlM0VQciVDMyVBOW5vbSUyMCUzQyUyRmxhYmVsJTNFJTBBJTA5JTNDaW5wdXQlMjB0eXBlJTNEJTIydGV4dCUyMiUyMHZhbHVlJTNEJTIyJTIyJTIwbmFtZSUzRCUyMkZOQU1FJTIyJTIwY2xhc3MlM0QlMjIlMjIlMjBpZCUzRCUyMm1jZS1GTkFNRSUyMiUzRSUwQSUzQyUyRmRpdiUzRSUwQSUzQ2RpdiUyMGNsYXNzJTNEJTIybWMtZmllbGQtZ3JvdXAlMjIlM0UlMEElMDklM0NsYWJlbCUyMGZvciUzRCUyMm1jZS1MTkFNRSUyMiUzRU5vbSUyMCUzQyUyRmxhYmVsJTNFJTBBJTA5JTNDaW5wdXQlMjB0eXBlJTNEJTIydGV4dCUyMiUyMHZhbHVlJTNEJTIyJTIyJTIwbmFtZSUzRCUyMkxOQU1FJTIyJTIwY2xhc3MlM0QlMjIlMjIlMjBpZCUzRCUyMm1jZS1MTkFNRSUyMiUzRSUwQSUzQyUyRmRpdiUzRSUwQSUwOSUzQ2RpdiUyMGlkJTNEJTIybWNlLXJlc3BvbnNlcyUyMiUyMGNsYXNzJTNEJTIyY2xlYXIlMjBmb290JTIyJTNFJTBBJTA5JTA5JTNDZGl2JTIwY2xhc3MlM0QlMjJyZXNwb25zZSUyMiUyMGlkJTNEJTIybWNlLWVycm9yLXJlc3BvbnNlJTIyJTIwc3R5bGUlM0QlMjJkaXNwbGF5JTNBbm9uZSUyMiUzRSUzQyUyRmRpdiUzRSUwQSUwOSUwOSUzQ2RpdiUyMGNsYXNzJTNEJTIycmVzcG9uc2UlMjIlMjBpZCUzRCUyMm1jZS1zdWNjZXNzLXJlc3BvbnNlJTIyJTIwc3R5bGUlM0QlMjJkaXNwbGF5JTNBbm9uZSUyMiUzRSUzQyUyRmRpdiUzRSUwQSUwOSUzQyUyRmRpdiUzRSUyMCUyMCUyMCUyMCUzQyUyMS0tJTIwcmVhbCUyMHBlb3BsZSUyMHNob3VsZCUyMG5vdCUyMGZpbGwlMjB0aGlzJTIwaW4lMjBhbmQlMjBleHBlY3QlMjBnb29kJTIwdGhpbmdzJTIwLSUyMGRvJTIwbm90JTIwcmVtb3ZlJTIwdGhpcyUyMG9yJTIwcmlzayUyMGZvcm0lMjBib3QlMjBzaWdudXBzLS0lM0UlMEElMjAlMjAlMjAlMjAlM0NkaXYlMjBzdHlsZSUzRCUyMnBvc2l0aW9uJTNBJTIwYWJzb2x1dGUlM0IlMjBsZWZ0JTNBJTIwLTUwMDBweCUzQiUyMiUyMGFyaWEtaGlkZGVuJTNEJTIydHJ1ZSUyMiUzRSUzQ2lucHV0JTIwdHlwZSUzRCUyMnRleHQlMjIlMjBuYW1lJTNEJTIyYl83YTAzZmNiMjQ5YzBiYWI1Y2MyMGY3NDRhX2M5NTI5NTlhYzUlMjIlMjB0YWJpbmRleCUzRCUyMi0xJTIyJTIwdmFsdWUlM0QlMjIlMjIlM0UlM0MlMkZkaXYlM0UlMEElMjAlMjAlMjAlMjAlMjAlMjAlMjAlMjAlM0NkaXYlMjBjbGFzcyUzRCUyMm9wdGlvbmFsUGFyZW50JTIyJTNFJTBBJTIwJTIwJTIwJTIwJTIwJTIwJTIwJTIwJTIwJTIwJTIwJTIwJTNDZGl2JTIwY2xhc3MlM0QlMjJjbGVhciUyMGZvb3QlMjIlM0UlMEElMjAlMjAlMjAlMjAlMjAlMjAlMjAlMjAlMjAlMjAlMjAlMjAlMjAlMjAlMjAlMjAlM0NpbnB1dCUyMHR5cGUlM0QlMjJzdWJtaXQlMjIlMjB2YWx1ZSUzRCUyMlMlMjdhYm9ubmVyJTIyJTIwbmFtZSUzRCUyMnN1YnNjcmliZSUyMiUyMGlkJTNEJTIybWMtZW1iZWRkZWQtc3Vic2NyaWJlJTIyJTIwY2xhc3MlM0QlMjJidXR0b24lMjIlM0UlMEElMjAlMjAlMjAlMjAlMjAlMjAlMjAlMjAlMjAlMjAlMjAlMjAlMjAlMjAlMjAlMjAlM0NwJTIwY2xhc3MlM0QlMjJicmFuZGluZ0xvZ28lMjIlM0UlM0NhJTIwaHJlZiUzRCUyMmh0dHAlM0ElMkYlMkZlZXB1cmwuY29tJTJGaFRSSzhqJTIyJTIwdGl0bGUlM0QlMjJNYWlsY2hpbXAlMjAtJTIwZW1haWwlMjBtYXJrZXRpbmclMjBtYWRlJTIwZWFzeSUyMGFuZCUyMGZ1biUyMiUzRSUzQ2ltZyUyMHNyYyUzRCUyMmh0dHBzJTNBJTJGJTJGZWVwLmlvJTJGbWMtY2RuLWltYWdlcyUyRnRlbXBsYXRlX2ltYWdlcyUyRmJyYW5kaW5nX2xvZ29fdGV4dF9kYXJrX2R0cC5zdmclMjIlM0UlM0MlMkZhJTNFJTNDJTJGcCUzRSUwQSUyMCUyMCUyMCUyMCUyMCUyMCUyMCUyMCUyMCUyMCUyMCUyMCUzQyUyRmRpdiUzRSUwQSUyMCUyMCUyMCUyMCUyMCUyMCUyMCUyMCUzQyUyRmRpdiUzRSUwQSUyMCUyMCUyMCUyMCUzQyUyRmRpdiUzRSUwQSUzQyUyRmZvcm0lM0UlMEElM0MlMkZkaXYlM0UlMEElM0NzY3JpcHQlMjB0eXBlJTNEJTI3dGV4dCUyRmphdmFzY3JpcHQlMjclMjBzcmMlM0QlMjclMkYlMkZzMy5hbWF6b25hd3MuY29tJTJGZG93bmxvYWRzLm1haWxjaGltcC5jb20lMkZqcyUyRm1jLXZhbGlkYXRlLmpzJTI3JTNFJTNDJTJGc2NyaXB0JTNFJTNDc2NyaXB0JTIwdHlwZSUzRCUyN3RleHQlMkZqYXZhc2NyaXB0JTI3JTNFJTI4ZnVuY3Rpb24lMjglMjQlMjklMjAlN0J3aW5kb3cuZm5hbWVzJTIwJTNEJTIwbmV3JTIwQXJyYXklMjglMjklM0IlMjB3aW5kb3cuZnR5cGVzJTIwJTNEJTIwbmV3JTIwQXJyYXklMjglMjklM0JmbmFtZXMlNUIwJTVEJTNEJTI3RU1BSUwlMjclM0JmdHlwZXMlNUIwJTVEJTNEJTI3ZW1haWwlMjclM0JmbmFtZXMlNUIxJTVEJTNEJTI3Rk5BTUUlMjclM0JmdHlwZXMlNUIxJTVEJTNEJTI3dGV4dCUyNyUzQmZuYW1lcyU1QjIlNUQlM0QlMjdMTkFNRSUyNyUzQmZ0eXBlcyU1QjIlNUQlM0QlMjd0ZXh0JTI3JTNCJTIwJTJGJTJBJTBBJTIwJTJBJTIwVHJhbnNsYXRlZCUyMGRlZmF1bHQlMjBtZXNzYWdlcyUyMGZvciUyMHRoZSUyMCUyNCUyMHZhbGlkYXRpb24lMjBwbHVnaW4uJTBBJTIwJTJBJTIwTG9jYWxlJTNBJTIwRlIlMEElMjAlMkElMkYlMEElMjQuZXh0ZW5kJTI4JTI0LnZhbGlkYXRvci5tZXNzYWdlcyUyQyUyMCU3QiUwQSUyMCUyMCUyMCUyMCUyMCUyMCUyMCUyMHJlcXVpcmVkJTNBJTIwJTIyQ2UlMjBjaGFtcCUyMGVzdCUyMHJlcXVpcy4lMjIlMkMlMEElMjAlMjAlMjAlMjAlMjAlMjAlMjAlMjByZW1vdGUlM0ElMjAlMjJWZXVpbGxleiUyMHJlbXBsaXIlMjBjZSUyMGNoYW1wJTIwcG91ciUyMGNvbnRpbnVlci4lMjIlMkMlMEElMjAlMjAlMjAlMjAlMjAlMjAlMjAlMjBlbWFpbCUzQSUyMCUyMlZldWlsbGV6JTIwZW50cmVyJTIwdW5lJTIwYWRyZXNzZSUyMGVtYWlsJTIwdmFsaWRlLiUyMiUyQyUwQSUyMCUyMCUyMCUyMCUyMCUyMCUyMCUyMHVybCUzQSUyMCUyMlZldWlsbGV6JTIwZW50cmVyJTIwdW5lJTIwVVJMJTIwdmFsaWRlLiUyMiUyQyUwQSUyMCUyMCUyMCUyMCUyMCUyMCUyMCUyMGRhdGUlM0ElMjAlMjJWZXVpbGxleiUyMGVudHJlciUyMHVuZSUyMGRhdGUlMjB2YWxpZGUuJTIyJTJDJTBBJTIwJTIwJTIwJTIwJTIwJTIwJTIwJTIwZGF0ZUlTTyUzQSUyMCUyMlZldWlsbGV6JTIwZW50cmVyJTIwdW5lJTIwZGF0ZSUyMHZhbGlkZSUyMCUyOElTTyUyOS4lMjIlMkMlMEElMjAlMjAlMjAlMjAlMjAlMjAlMjAlMjBudW1iZXIlM0ElMjAlMjJWZXVpbGxleiUyMGVudHJlciUyMHVuJTIwbm9tYnJlJTIwdmFsaWRlLiUyMiUyQyUwQSUyMCUyMCUyMCUyMCUyMCUyMCUyMCUyMGRpZ2l0cyUzQSUyMCUyMlZldWlsbGV6JTIwZW50cmVyJTIwJTI4c2V1bGVtZW50JTI5JTIwdW5lJTIwdmFsZXVyJTIwbnVtJUMzJUE5cmlxdWUuJTIyJTJDJTBBJTIwJTIwJTIwJTIwJTIwJTIwJTIwJTIwY3JlZGl0Y2FyZCUzQSUyMCUyMlZldWlsbGV6JTIwZW50cmVyJTIwdW4lMjBudW0lQzMlQTlybyUyMGRlJTIwY2FydGUlMjBkZSUyMGNyJUMzJUE5ZGl0JTIwdmFsaWRlLiUyMiUyQyUwQSUyMCUyMCUyMCUyMCUyMCUyMCUyMCUyMGVxdWFsVG8lM0ElMjAlMjJWZXVpbGxleiUyMGVudHJlciUyMHVuZSUyMG5vdXZlbGxlJTIwZm9pcyUyMGxhJTIwbSVDMyVBQW1lJTIwdmFsZXVyLiUyMiUyQyUwQSUyMCUyMCUyMCUyMCUyMCUyMCUyMCUyMGFjY2VwdCUzQSUyMCUyMlZldWlsbGV6JTIwZW50cmVyJTIwdW5lJTIwdmFsZXVyJTIwYXZlYyUyMHVuZSUyMGV4dGVuc2lvbiUyMHZhbGlkZS4lMjIlMkMlMEElMjAlMjAlMjAlMjAlMjAlMjAlMjAlMjBtYXhsZW5ndGglM0ElMjAlMjQudmFsaWRhdG9yLmZvcm1hdCUyOCUyMlZldWlsbGV6JTIwbmUlMjBwYXMlMjBlbnRyZXIlMjBwbHVzJTIwZGUlMjAlN0IwJTdEJTIwY2FyYWN0JUMzJUE4cmVzLiUyMiUyOSUyQyUwQSUyMCUyMCUyMCUyMCUyMCUyMCUyMCUyMG1pbmxlbmd0aCUzQSUyMCUyNC52YWxpZGF0b3IuZm9ybWF0JTI4JTIyVmV1aWxsZXolMjBlbnRyZXIlMjBhdSUyMG1vaW5zJTIwJTdCMCU3RCUyMGNhcmFjdCVDMyVBOHJlcy4lMjIlMjklMkMlMEElMjAlMjAlMjAlMjAlMjAlMjAlMjAlMjByYW5nZWxlbmd0aCUzQSUyMCUyNC52YWxpZGF0b3IuZm9ybWF0JTI4JTIyVmV1aWxsZXolMjBlbnRyZXIlMjBlbnRyZSUyMCU3QjAlN0QlMjBldCUyMCU3QjElN0QlMjBjYXJhY3QlQzMlQThyZXMuJTIyJTI5JTJDJTBBJTIwJTIwJTIwJTIwJTIwJTIwJTIwJTIwcmFuZ2UlM0ElMjAlMjQudmFsaWRhdG9yLmZvcm1hdCUyOCUyMlZldWlsbGV6JTIwZW50cmVyJTIwdW5lJTIwdmFsZXVyJTIwZW50cmUlMjAlN0IwJTdEJTIwZXQlMjAlN0IxJTdELiUyMiUyOSUyQyUwQSUyMCUyMCUyMCUyMCUyMCUyMCUyMCUyMG1heCUzQSUyMCUyNC52YWxpZGF0b3IuZm9ybWF0JTI4JTIyVmV1aWxsZXolMjBlbnRyZXIlMjB1bmUlMjB2YWxldXIlMjBpbmYlQzMlQTlyaWV1cmUlMjBvdSUyMCVDMyVBOWdhbGUlMjAlQzMlQTAlMjAlN0IwJTdELiUyMiUyOSUyQyUwQSUyMCUyMCUyMCUyMCUyMCUyMCUyMCUyMG1pbiUzQSUyMCUyNC52YWxpZGF0b3IuZm9ybWF0JTI4JTIyVmV1aWxsZXolMjBlbnRyZXIlMjB1bmUlMjB2YWxldXIlMjBzdXAlQzMlQTlyaWV1cmUlMjBvdSUyMCVDMyVBOWdhbGUlMjAlQzMlQTAlMjAlN0IwJTdELiUyMiUyOSUwQSU3RCUyOSUzQiU3RCUyOGpRdWVyeSUyOSUyOSUzQnZhciUyMCUyNG1jaiUyMCUzRCUyMGpRdWVyeS5ub0NvbmZsaWN0JTI4dHJ1ZSUyOSUzQiUzQyUyRnNjcmlwdCUzRSUwQSUzQyUyMS0tRW5kJTIwbWNfZW1iZWRfc2lnbnVwLS0lM0U=[\/vc_raw_html][\/vc_column][\/vc_row]<\/p>\n<\/div>","protected":false},"excerpt":{"rendered":"<p>[vc_row row_type=\u00a0\u00bbrow\u00a0\u00bb use_row_as_full_screen_section=\u00a0\u00bbno\u00a0\u00bb type=\u00a0\u00bbfull_width\u00a0\u00bb text_align=\u00a0\u00bbleft\u00a0\u00bb css_animation=\u00a0\u00bb\u00a0\u00bb][vc_column width=\u00a0\u00bb1\/3&Prime; css=\u00a0\u00bb.vc_custom_1449504870575{margin-bottom: 22px !important;}\u00a0\u00bb][vc_single_image image=\u00a0\u00bb22532&Prime; img_size=\u00a0\u00bbfull\u00a0\u00bb qode_css_animation=\u00a0\u00bb\u00a0\u00bb][vc_separator type=\u00a0\u00bbtransparent\u00a0\u00bb border_style=\u00a0\u00bb\u00a0\u00bb][vc_column_text] ARCHIVES DES INFOLETTRES [\/vc_column_text][vc_separator type=\u00a0\u00bbtransparent\u00a0\u00bb border_style=\u00a0\u00bb\u00a0\u00bb][vc_column_text] 2021-2022 [\/vc_column_text][vc_separator type=\u00a0\u00bbtransparent\u00a0\u00bb border_style=\u00a0\u00bb\u00a0\u00bb][vc_column_text] 17\/02\/2022 &#8211; INFO-FLE 1 [\/vc_column_text][vc_separator type=\u00a0\u00bbtransparent\u00a0\u00bb border_style=\u00a0\u00bb\u00a0\u00bb][vc_column_text] 2019-2020 [\/vc_column_text][vc_separator type=\u00a0\u00bbtransparent\u00a0\u00bb border_style=\u00a0\u00bb\u00a0\u00bb][vc_column_text] 17\/06\/2020 &#8211;\u00a0INFO-FLE 3 30\/04\/2020 &#8211;\u00a0INFO-FLE 2 28\/01\/2020 &#8211; INFO-FLE&#8230;<\/p>\n","protected":false},"author":1,"featured_media":0,"parent":0,"menu_order":0,"comment_status":"closed","ping_status":"closed","template":"","meta":{"footnotes":"","_links_to":"","_links_to_target":""},"_links":{"self":[{"href":"https:\/\/www.accompagnementfga.ca\/fle\/wp-json\/wp\/v2\/pages\/21978"}],"collection":[{"href":"https:\/\/www.accompagnementfga.ca\/fle\/wp-json\/wp\/v2\/pages"}],"about":[{"href":"https:\/\/www.accompagnementfga.ca\/fle\/wp-json\/wp\/v2\/types\/page"}],"author":[{"embeddable":true,"href":"https:\/\/www.accompagnementfga.ca\/fle\/wp-json\/wp\/v2\/users\/1"}],"replies":[{"embeddable":true,"href":"https:\/\/www.accompagnementfga.ca\/fle\/wp-json\/wp\/v2\/comments?post=21978"}],"version-history":[{"count":38,"href":"https:\/\/www.accompagnementfga.ca\/fle\/wp-json\/wp\/v2\/pages\/21978\/revisions"}],"predecessor-version":[{"id":23018,"href":"https:\/\/www.accompagnementfga.ca\/fle\/wp-json\/wp\/v2\/pages\/21978\/revisions\/23018"}],"wp:attachment":[{"href":"https:\/\/www.accompagnementfga.ca\/fle\/wp-json\/wp\/v2\/media?parent=21978"}],"curies":[{"name":"wp","href":"https:\/\/api.w.org\/{rel}","templated":true}]}}