{"id":22806,"date":"2016-12-12T21:47:05","date_gmt":"2016-12-13T01:47:05","guid":{"rendered":"http:\/\/www.accompagnementfga.ca\/explorationentrepreneuriat\/programmes-copy-2\/"},"modified":"2021-09-10T10:40:32","modified_gmt":"2021-09-10T14:40:32","slug":"accueil","status":"publish","type":"page","link":"https:\/\/www.accompagnementfga.ca\/explorationentrepreneuriat\/","title":{"rendered":"Accueil"},"content":{"rendered":"<div class=\"wpb-content-wrapper\"><p>[vc_row row_type=\u00a0\u00bbrow\u00a0\u00bb use_row_as_full_screen_section=\u00a0\u00bbno\u00a0\u00bb type=\u00a0\u00bbfull_width\u00a0\u00bb text_align=\u00a0\u00bbleft\u00a0\u00bb background_color=\u00a0\u00bb#ffffff\u00a0\u00bb css_animation=\u00a0\u00bb\u00a0\u00bb][vc_column][vc_row_inner row_type=\u00a0\u00bbrow\u00a0\u00bb type=\u00a0\u00bbgrid\u00a0\u00bb use_row_as_full_screen_section_slide=\u00a0\u00bbno\u00a0\u00bb text_align=\u00a0\u00bbleft\u00a0\u00bb background_color=\u00a0\u00bb#ffffff\u00a0\u00bb padding_top=\u00a0\u00bb80&Prime; padding_bottom=\u00a0\u00bb80&Prime; css_animation=\u00a0\u00bb\u00a0\u00bb css=\u00a0\u00bb.vc_custom_1615220295191{background-color: #ffffff !important;}\u00a0\u00bb][vc_column_inner][vc_column_text]<\/p>\n<div class=\"wpb_text_column wpb_content_element \">\n<div class=\"wpb_wrapper\">\n<h4>BIENVENUE SUR LE SITE D\u2019ACCOMPAGNEMENT<\/h4>\n<\/div>\n<\/div>\n<p>[\/vc_column_text][vc_column_text]<\/p>\n<h3>D\u00e9veloppement professionnel<\/h3>\n<h2>Exploration en entrepreneuriat<\/h2>\n<p>[\/vc_column_text][vc_separator type=\u00a0\u00bbtransparent\u00a0\u00bb border_style=\u00a0\u00bb\u00a0\u00bb up=\u00a0\u00bb40&Prime; down=\u00a0\u00bb0&Prime;][vc_column_text]Le programme d\u2019\u00e9tudes <em>Exploration en entrepreneuriat<\/em> am\u00e8ne l\u2019adulte \u00e0 consid\u00e9rer ce que l\u2019entrepreneuriat peut lui apporter dans son d\u00e9veloppement comme individu et comme membre d\u2019une communaut\u00e9. L\u2019adulte entre en action pour d\u00e9mystifier l\u2019entrepreneuriat et d\u00e9couvrir une culture entrepreneuriale.<\/p>\n<p>Ce programme am\u00e8ne \u00e9galement l\u2019adulte a\u0300 consid\u00e9rer la possibilit\u00e9 de s\u2019engager dans le monde de l\u2019entrepreneuriat, que ce soit en tant que travailleuse ou travailleur autonome ou comme entrepreneure ou entrepreneur, peu importe le statut de l\u2019entreprise (soci\u00e9t\u00e9 priv\u00e9e, coop\u00e9rative, etc.). Prendre des d\u00e9cisions, assumer des risques, cr\u00e9er de l\u2019emploi, contribuer \u00e0 l\u2019essor de sa communaut\u00e9 et exercer une responsabilit\u00e9 sociale sont des enjeux reli\u00e9s \u00e0 l\u2019entrepreneuriat pour lesquels l\u2019adulte peut consid\u00e9rer son propre potentiel.[\/vc_column_text][\/vc_column_inner][\/vc_row_inner][vc_separator type=\u00a0\u00bbtransparent\u00a0\u00bb border_style=\u00a0\u00bb\u00a0\u00bb up=\u00a0\u00bb40&Prime; down=\u00a0\u00bb0&Prime;][\/vc_column][\/vc_row]<\/p>\n<\/div>","protected":false},"excerpt":{"rendered":"<p>[vc_row row_type=\u00a0\u00bbrow\u00a0\u00bb use_row_as_full_screen_section=\u00a0\u00bbno\u00a0\u00bb type=\u00a0\u00bbfull_width\u00a0\u00bb text_align=\u00a0\u00bbleft\u00a0\u00bb background_color=\u00a0\u00bb#ffffff\u00a0\u00bb css_animation=\u00a0\u00bb\u00a0\u00bb][vc_column][vc_row_inner row_type=\u00a0\u00bbrow\u00a0\u00bb type=\u00a0\u00bbgrid\u00a0\u00bb use_row_as_full_screen_section_slide=\u00a0\u00bbno\u00a0\u00bb text_align=\u00a0\u00bbleft\u00a0\u00bb background_color=\u00a0\u00bb#ffffff\u00a0\u00bb padding_top=\u00a0\u00bb80&Prime; padding_bottom=\u00a0\u00bb80&Prime; css_animation=\u00a0\u00bb\u00a0\u00bb css=\u00a0\u00bb.vc_custom_1615220295191{background-color: #ffffff !important;}\u00a0\u00bb][vc_column_inner][vc_column_text] BIENVENUE SUR LE SITE D\u2019ACCOMPAGNEMENT [\/vc_column_text][vc_column_text] D\u00e9veloppement professionnel Exploration en entrepreneuriat [\/vc_column_text][vc_separator type=\u00a0\u00bbtransparent\u00a0\u00bb border_style=\u00a0\u00bb\u00a0\u00bb up=\u00a0\u00bb40&Prime; down=\u00a0\u00bb0&Prime;][vc_column_text]Le programme d\u2019\u00e9tudes Exploration en entrepreneuriat am\u00e8ne l\u2019adulte \u00e0 consid\u00e9rer ce que&#8230;<\/p>\n","protected":false},"author":1,"featured_media":0,"parent":0,"menu_order":0,"comment_status":"closed","ping_status":"closed","template":"full_width.php","meta":{"footnotes":"","_links_to":"","_links_to_target":""},"_links":{"self":[{"href":"https:\/\/www.accompagnementfga.ca\/explorationentrepreneuriat\/wp-json\/wp\/v2\/pages\/22806"}],"collection":[{"href":"https:\/\/www.accompagnementfga.ca\/explorationentrepreneuriat\/wp-json\/wp\/v2\/pages"}],"about":[{"href":"https:\/\/www.accompagnementfga.ca\/explorationentrepreneuriat\/wp-json\/wp\/v2\/types\/page"}],"author":[{"embeddable":true,"href":"https:\/\/www.accompagnementfga.ca\/explorationentrepreneuriat\/wp-json\/wp\/v2\/users\/1"}],"replies":[{"embeddable":true,"href":"https:\/\/www.accompagnementfga.ca\/explorationentrepreneuriat\/wp-json\/wp\/v2\/comments?post=22806"}],"version-history":[{"count":51,"href":"https:\/\/www.accompagnementfga.ca\/explorationentrepreneuriat\/wp-json\/wp\/v2\/pages\/22806\/revisions"}],"predecessor-version":[{"id":23391,"href":"https:\/\/www.accompagnementfga.ca\/explorationentrepreneuriat\/wp-json\/wp\/v2\/pages\/22806\/revisions\/23391"}],"wp:attachment":[{"href":"https:\/\/www.accompagnementfga.ca\/explorationentrepreneuriat\/wp-json\/wp\/v2\/media?parent=22806"}],"curies":[{"name":"wp","href":"https:\/\/api.w.org\/{rel}","templated":true}]}}