{"id":21736,"date":"2015-11-15T06:52:14","date_gmt":"2015-11-15T05:52:14","guid":{"rendered":"http:\/\/www.accompagnementfga.ca\/demo1\/?page_id=21736"},"modified":"2025-11-02T16:24:55","modified_gmt":"2025-11-02T20:24:55","slug":"documents-officiels","status":"publish","type":"page","link":"https:\/\/www.accompagnementfga.ca\/explorationentrepreneuriat\/documents-officiels\/","title":{"rendered":"Documents officiels"},"content":{"rendered":"<div class=\"wpb-content-wrapper\"><p>[vc_row css_animation=\u00a0\u00bb\u00a0\u00bb row_type=\u00a0\u00bbrow\u00a0\u00bb use_row_as_full_screen_section=\u00a0\u00bbno\u00a0\u00bb type=\u00a0\u00bbgrid\u00a0\u00bb text_align=\u00a0\u00bbleft\u00a0\u00bb padding_top=\u00a0\u00bb40&Prime; padding_bottom=\u00a0\u00bb20&Prime;][vc_column][vc_separator type=\u00a0\u00bbtransparent\u00a0\u00bb border_style=\u00a0\u00bb\u00a0\u00bb][vc_row_inner row_type=\u00a0\u00bbrow\u00a0\u00bb type=\u00a0\u00bbfull_width\u00a0\u00bb use_row_as_full_screen_section_slide=\u00a0\u00bbno\u00a0\u00bb text_align=\u00a0\u00bbleft\u00a0\u00bb css_animation=\u00a0\u00bb\u00a0\u00bb][vc_column_inner width=\u00a0\u00bb1\/2&Prime;][vc_column_text]<\/p>\n<ul>\n<li><a href=\"https:\/\/www.quebec.ca\/education\/formation-professionnelle-education-adultes\/formation-generale-adultes\/programmes-formation-generale-adultes\/exploration-entrepreneuriat\">Le programme d\u2019\u00e9tudes et les d\u00e9finitions du domaine d&rsquo;\u00e9valuation<\/a><\/li>\n<\/ul>\n<p>[\/vc_column_text][\/vc_column_inner][vc_column_inner width=\u00a0\u00bb1\/2&Prime;][\/vc_column_inner][\/vc_row_inner][\/vc_column][\/vc_row]<\/p>\n<\/div>","protected":false},"excerpt":{"rendered":"<p>[vc_row css_animation=\u00a0\u00bb\u00a0\u00bb row_type=\u00a0\u00bbrow\u00a0\u00bb use_row_as_full_screen_section=\u00a0\u00bbno\u00a0\u00bb type=\u00a0\u00bbgrid\u00a0\u00bb text_align=\u00a0\u00bbleft\u00a0\u00bb padding_top=\u00a0\u00bb40&Prime; padding_bottom=\u00a0\u00bb20&Prime;][vc_column][vc_separator type=\u00a0\u00bbtransparent\u00a0\u00bb border_style=\u00a0\u00bb\u00a0\u00bb][vc_row_inner row_type=\u00a0\u00bbrow\u00a0\u00bb type=\u00a0\u00bbfull_width\u00a0\u00bb use_row_as_full_screen_section_slide=\u00a0\u00bbno\u00a0\u00bb text_align=\u00a0\u00bbleft\u00a0\u00bb css_animation=\u00a0\u00bb\u00a0\u00bb][vc_column_inner width=\u00a0\u00bb1\/2&Prime;][vc_column_text] Le programme d\u2019\u00e9tudes et les d\u00e9finitions du domaine d&rsquo;\u00e9valuation [\/vc_column_text][\/vc_column_inner][vc_column_inner width=\u00a0\u00bb1\/2&Prime;][\/vc_column_inner][\/vc_row_inner][\/vc_column][\/vc_row]<\/p>\n","protected":false},"author":1,"featured_media":0,"parent":0,"menu_order":0,"comment_status":"closed","ping_status":"closed","template":"full_width.php","meta":{"footnotes":"","_links_to":"","_links_to_target":""},"_links":{"self":[{"href":"https:\/\/www.accompagnementfga.ca\/explorationentrepreneuriat\/wp-json\/wp\/v2\/pages\/21736"}],"collection":[{"href":"https:\/\/www.accompagnementfga.ca\/explorationentrepreneuriat\/wp-json\/wp\/v2\/pages"}],"about":[{"href":"https:\/\/www.accompagnementfga.ca\/explorationentrepreneuriat\/wp-json\/wp\/v2\/types\/page"}],"author":[{"embeddable":true,"href":"https:\/\/www.accompagnementfga.ca\/explorationentrepreneuriat\/wp-json\/wp\/v2\/users\/1"}],"replies":[{"embeddable":true,"href":"https:\/\/www.accompagnementfga.ca\/explorationentrepreneuriat\/wp-json\/wp\/v2\/comments?post=21736"}],"version-history":[{"count":79,"href":"https:\/\/www.accompagnementfga.ca\/explorationentrepreneuriat\/wp-json\/wp\/v2\/pages\/21736\/revisions"}],"predecessor-version":[{"id":23449,"href":"https:\/\/www.accompagnementfga.ca\/explorationentrepreneuriat\/wp-json\/wp\/v2\/pages\/21736\/revisions\/23449"}],"wp:attachment":[{"href":"https:\/\/www.accompagnementfga.ca\/explorationentrepreneuriat\/wp-json\/wp\/v2\/media?parent=21736"}],"curies":[{"name":"wp","href":"https:\/\/api.w.org\/{rel}","templated":true}]}}