{"id":23618,"date":"2020-03-17T09:10:54","date_gmt":"2020-03-17T13:10:54","guid":{"rendered":"http:\/\/www.accompagnementfga.ca\/educationfinanciere\/?page_id=23618"},"modified":"2025-08-17T11:27:16","modified_gmt":"2025-08-17T15:27:16","slug":"documents-officiels","status":"publish","type":"page","link":"https:\/\/www.accompagnementfga.ca\/educationfinanciere\/documents-officiels\/","title":{"rendered":"Documents officiels"},"content":{"rendered":"<div class=\"wpb-content-wrapper\"><p>[vc_row css_animation=\u00a0\u00bb\u00a0\u00bb row_type=\u00a0\u00bbrow\u00a0\u00bb use_row_as_full_screen_section=\u00a0\u00bbno\u00a0\u00bb type=\u00a0\u00bbfull_width\u00a0\u00bb text_align=\u00a0\u00bbleft\u00a0\u00bb][vc_column width=\u00a0\u00bb1\/6&Prime;]<div class='q_icon_with_title   center'><div class=\"icon_holder \" style=\" \"><div class=\"icon_holder_inner\"><span class=\"q_font_elegant_holder  \" style=\"font-size: 30px;\"><span class=\"icon_text_icon q_font_elegant_icon icon_documents_alt\" aria-hidden=\"true\" style=\"font-size: 30px;\"><\/span><\/span><\/div><\/div><div class=\"icon_text_holder\" style=\"\"><div class=\"icon_text_inner\" style=\"\"><h4 class=\"icon_title\" style=\"\"><\/h4><p style=''><\/p><\/div><\/div><\/div>[\/vc_column][vc_column width=\u00a0\u00bb5\/6&Prime;][vc_column_text]<\/p>\n<h4><a href=\"https:\/\/www.quebec.ca\/education\/formation-professionnelle-education-adultes\/formation-generale-adultes\/programmes-formation-generale-adultes\/education-financiere\">Programme d&rsquo;\u00e9tudes et d\u00e9finitions du domaine d&rsquo;\u00e9valuation<\/a><\/h4>\n<p>[\/vc_column_text][\/vc_column][\/vc_row]<\/p>\n<\/div>","protected":false},"excerpt":{"rendered":"<p>[vc_row css_animation=\u00a0\u00bb\u00a0\u00bb row_type=\u00a0\u00bbrow\u00a0\u00bb use_row_as_full_screen_section=\u00a0\u00bbno\u00a0\u00bb type=\u00a0\u00bbfull_width\u00a0\u00bb text_align=\u00a0\u00bbleft\u00a0\u00bb][vc_column width=\u00a0\u00bb1\/6&Prime;][\/vc_column][vc_column width=\u00a0\u00bb5\/6&Prime;][vc_column_text] Programme d&rsquo;\u00e9tudes et d\u00e9finitions du domaine d&rsquo;\u00e9valuation [\/vc_column_text][\/vc_column][\/vc_row]<\/p>\n","protected":false},"author":11,"featured_media":0,"parent":0,"menu_order":0,"comment_status":"closed","ping_status":"closed","template":"","meta":{"footnotes":"","_links_to":"","_links_to_target":""},"folder":[],"_links":{"self":[{"href":"https:\/\/www.accompagnementfga.ca\/educationfinanciere\/wp-json\/wp\/v2\/pages\/23618"}],"collection":[{"href":"https:\/\/www.accompagnementfga.ca\/educationfinanciere\/wp-json\/wp\/v2\/pages"}],"about":[{"href":"https:\/\/www.accompagnementfga.ca\/educationfinanciere\/wp-json\/wp\/v2\/types\/page"}],"author":[{"embeddable":true,"href":"https:\/\/www.accompagnementfga.ca\/educationfinanciere\/wp-json\/wp\/v2\/users\/11"}],"replies":[{"embeddable":true,"href":"https:\/\/www.accompagnementfga.ca\/educationfinanciere\/wp-json\/wp\/v2\/comments?post=23618"}],"version-history":[{"count":6,"href":"https:\/\/www.accompagnementfga.ca\/educationfinanciere\/wp-json\/wp\/v2\/pages\/23618\/revisions"}],"predecessor-version":[{"id":23740,"href":"https:\/\/www.accompagnementfga.ca\/educationfinanciere\/wp-json\/wp\/v2\/pages\/23618\/revisions\/23740"}],"wp:attachment":[{"href":"https:\/\/www.accompagnementfga.ca\/educationfinanciere\/wp-json\/wp\/v2\/media?parent=23618"}],"wp:term":[{"taxonomy":"folder","embeddable":true,"href":"https:\/\/www.accompagnementfga.ca\/educationfinanciere\/wp-json\/wp\/v2\/folder?post=23618"}],"curies":[{"name":"wp","href":"https:\/\/api.w.org\/{rel}","templated":true}]}}