{"id":365,"date":"2017-02-17T13:51:18","date_gmt":"2017-02-17T18:51:18","guid":{"rendered":"http:\/\/www.accompagnementfga.ca\/carrefourfga\/?page_id=365"},"modified":"2017-02-17T15:11:32","modified_gmt":"2017-02-17T20:11:32","slug":"indicateurs-de-perseverance-et-de-reussite-scolaires-a-la-fga","status":"publish","type":"page","link":"http:\/\/www.accompagnementfga.ca\/carrefourfga\/indicateurs-de-perseverance-et-de-reussite-scolaires-a-la-fga\/","title":{"rendered":"| Indicateurs de pers\u00e9v\u00e9rance et de r\u00e9ussite scolaires \u00e0 la FGA  (section s\u00e9curis\u00e9e)"},"content":{"rendered":"[vc_row bk_type=\u00a0\u00bbverve_full_row\u00a0\u00bb row_height=\u00a0\u00bbforced_row\u00a0\u00bb custom_css=\u00a0\u00bbmargin-left:-20px; \u00ab\u00a0][vc_column width=\u00a0\u00bb1\/1\u00a0\u00bb][vc_raw_html]JTNDaWZyYW1lJTIwbmFtZSUzRCUyMmNvbnRlbnUlMjIlMjBzcmMlM0QlMjJodHRwJTNBJTJGJTJGYWNjb21wYWduZW1lbnRmZ2EuY2ElMkZNZW1icmVzRkdBJTJGbG9naW4ucGhwJTIyJTIwc3R5bGUlM0QlMjJ3aWR0aCUzQTEwMyUyNSUzQiUyMGhlaWdodCUzQTEwMCUyNSUzQiUyMG1pbi1oZWlnaHQlM0ExMDIwcHglM0JwYWRkaW5nJTNBMCUzQiUyMG1hcmdpbiUzQTAlM0IlMjIlM0UlM0MlMkZpZnJhbWUlM0UlMEElMEE=[\/vc_raw_html][\/vc_column][\/vc_row]\n","protected":false},"excerpt":{"rendered":"<p>[vc_row bk_type=\u00a0\u00bbverve_full_row\u00a0\u00bb row_height=\u00a0\u00bbforced_row\u00a0\u00bb custom_css=\u00a0\u00bbmargin-left:-20px; \u00ab\u00a0][vc_column width=\u00a0\u00bb1\/1\u00a0\u00bb][vc_raw_html]JTNDaWZyYW1lJTIwbmFtZSUzRCUyMmNvbnRlbnUlMjIlMjBzcmMlM0QlMjJodHRwJTNBJTJGJTJGYWNjb21wYWduZW1lbnRmZ2EuY2ElMkZNZW1icmVzRkdBJTJGbG9naW4ucGhwJTIyJTIwc3R5bGUlM0QlMjJ3aWR0aCUzQTEwMyUyNSUzQiUyMGhlaWdodCUzQTEwMCUyNSUzQiUyMG1pbi1oZWlnaHQlM0ExMDIwcHglM0JwYWRkaW5nJTNBMCUzQiUyMG1hcmdpbiUzQTAlM0IlMjIlM0UlM0MlMkZpZnJhbWUlM0UlMEElMEE=[\/vc_raw_html][\/vc_column][\/vc_row]<\/p>\n","protected":false},"author":1,"featured_media":0,"parent":0,"menu_order":0,"comment_status":"closed","ping_status":"closed","template":"","meta":{"footnotes":""},"_links":{"self":[{"href":"http:\/\/www.accompagnementfga.ca\/carrefourfga\/wp-json\/wp\/v2\/pages\/365"}],"collection":[{"href":"http:\/\/www.accompagnementfga.ca\/carrefourfga\/wp-json\/wp\/v2\/pages"}],"about":[{"href":"http:\/\/www.accompagnementfga.ca\/carrefourfga\/wp-json\/wp\/v2\/types\/page"}],"author":[{"embeddable":true,"href":"http:\/\/www.accompagnementfga.ca\/carrefourfga\/wp-json\/wp\/v2\/users\/1"}],"replies":[{"embeddable":true,"href":"http:\/\/www.accompagnementfga.ca\/carrefourfga\/wp-json\/wp\/v2\/comments?post=365"}],"version-history":[{"count":7,"href":"http:\/\/www.accompagnementfga.ca\/carrefourfga\/wp-json\/wp\/v2\/pages\/365\/revisions"}],"predecessor-version":[{"id":406,"href":"http:\/\/www.accompagnementfga.ca\/carrefourfga\/wp-json\/wp\/v2\/pages\/365\/revisions\/406"}],"wp:attachment":[{"href":"http:\/\/www.accompagnementfga.ca\/carrefourfga\/wp-json\/wp\/v2\/media?parent=365"}],"curies":[{"name":"wp","href":"https:\/\/api.w.org\/{rel}","templated":true}]}}